{"id":4642,"date":"2026-01-14T13:11:16","date_gmt":"2026-01-14T16:11:16","guid":{"rendered":"https:\/\/ingeocontrol.cl\/?page_id=4642"},"modified":"2026-01-29T17:19:53","modified_gmt":"2026-01-29T20:19:53","slug":"obras-menores","status":"publish","type":"page","link":"https:\/\/ingeocontrol.cl\/?page_id=4642","title":{"rendered":"Obras Menores"},"content":{"rendered":"\n<style type=\"text\/css\" data-created_by=\"avia_inline_auto\" id=\"style-css-av-mj32v3oe-8760fa4b8c4f609b0b18afc25b32f917\">\n.avia-section.av-mj32v3oe-8760fa4b8c4f609b0b18afc25b32f917{\nbackground-repeat:no-repeat;\nbackground-image:url(https:\/\/ingeocontrol.cl\/wp-content\/uploads\/2025\/12\/painted-lines-of-bike-lane-1500x1001.jpg);\nbackground-position:50% 50%;\nbackground-attachment:scroll;\n}\n.avia-section.av-mj32v3oe-8760fa4b8c4f609b0b18afc25b32f917 .av-section-color-overlay{\nopacity:0.5;\nbackground-color:#0f0f0f;\n}\n<\/style>\n<div id='av_section_1'  class='avia-section av-mj32v3oe-8760fa4b8c4f609b0b18afc25b32f917 main_color avia-section-default avia-no-border-styling  avia-builder-el-0  el_before_av_section  avia-builder-el-first  avia-full-stretch avia-bg-style-scroll av-section-color-overlay-active av-minimum-height av-minimum-height-50 av-height-50  container_wrap sidebar_right'  data-section-bg-repeat='stretch' data-av_minimum_height_pc='50' data-av_min_height_opt='50'><div class=\"av-section-color-overlay-wrap\"><div class=\"av-section-color-overlay\"><\/div><div class='container av-section-cont-open' ><main  role=\"main\" itemprop=\"mainContentOfPage\"  class='template-page content  av-content-small alpha units'><div class='post-entry post-entry-type-page post-entry-4642'><div class='entry-content-wrapper clearfix'>\n\n<style type=\"text\/css\" data-created_by=\"avia_inline_auto\" id=\"style-css-av-mauk5wqr-47eeb9f31d451d6ebafaefbe6543529d\">\n#top .av-special-heading.av-mauk5wqr-47eeb9f31d451d6ebafaefbe6543529d{\nmargin:50px 0 50px 0;\npadding-bottom:10px;\ncolor:#ffffff;\n}\nbody .av-special-heading.av-mauk5wqr-47eeb9f31d451d6ebafaefbe6543529d .av-special-heading-tag .heading-char{\nfont-size:25px;\n}\n#top #wrap_all .av-special-heading.av-mauk5wqr-47eeb9f31d451d6ebafaefbe6543529d .av-special-heading-tag{\npadding:0 0 40px 0;\n}\n.av-special-heading.av-mauk5wqr-47eeb9f31d451d6ebafaefbe6543529d .special-heading-inner-border{\nborder-color:#ffffff;\n}\n.av-special-heading.av-mauk5wqr-47eeb9f31d451d6ebafaefbe6543529d .av-subheading{\nfont-size:24px;\n}\n<\/style>\n<div  class='av-special-heading av-mauk5wqr-47eeb9f31d451d6ebafaefbe6543529d av-special-heading-h1 custom-color-heading blockquote elegant-quote elegant-centered  avia-builder-el-1  avia-builder-el-no-sibling '><h1 class='av-special-heading-tag '  itemprop=\"headline\"  ><span class=\"heading-wrap\">Obras Menores<\/span><\/h1><div class='av_custom_color av-subheading av-subheading_below'><p>Proyectos Inmobiliarios, Urbanos, Industriales y Privados<\/p>\n<\/div><div class=\"special-heading-border\"><div class=\"special-heading-inner-border\"><\/div><\/div><\/div>\n\n<\/div><\/div><\/main><!-- close content main element --><\/div><\/div><\/div>\n<style type=\"text\/css\" data-created_by=\"avia_inline_auto\" id=\"style-css-av-mj331fl6-45e0b8201a598dfa26f779288f32321c\">\n.avia-section.av-mj331fl6-45e0b8201a598dfa26f779288f32321c{\nbackground-color:#dc2c1c;\nbackground-image:unset;\n}\n<\/style>\n<div id='av_section_2'  class='avia-section av-mj331fl6-45e0b8201a598dfa26f779288f32321c main_color avia-section-small avia-no-border-styling  avia-builder-el-2  el_after_av_section  el_before_av_one_half  avia-bg-style-scroll container_wrap sidebar_right'  ><div class='container av-section-cont-open' ><div class='template-page content  av-content-small alpha units'><div class='post-entry post-entry-type-page post-entry-4642'><div class='entry-content-wrapper clearfix'><\/div><\/div><\/div><!-- close content main div --><\/div><\/div><div id='after_section_2'  class='main_color av_default_container_wrap container_wrap sidebar_right'  ><div class='container av-section-cont-open' ><div class='template-page content  av-content-small alpha units'><div class='post-entry post-entry-type-page post-entry-4642'><div class='entry-content-wrapper clearfix'>\n\n<style type=\"text\/css\" data-created_by=\"avia_inline_auto\" id=\"style-css-av-n5i8jz-a3757cd788dda5c8124e55d9cfec9fb1\">\n.flex_column.av-n5i8jz-a3757cd788dda5c8124e55d9cfec9fb1{\npadding:50px 0 0 0;\n}\n<\/style>\n<div  class='flex_column av-n5i8jz-a3757cd788dda5c8124e55d9cfec9fb1 av_one_half  avia-builder-el-3  el_after_av_section  el_before_av_one_half  avia-builder-el-first  first flex_column_div  '     ><style type=\"text\/css\" data-created_by=\"avia_inline_auto\" id=\"style-css-av-mkzweehh-ea2bb90820a702301830daa27527a281\">\n#top .togglecontainer.av-mkzweehh-ea2bb90820a702301830daa27527a281 p.toggler{\ncolor:#333333;\nborder-color:#dc2c1c;\n}\n#top .togglecontainer.av-mkzweehh-ea2bb90820a702301830daa27527a281 p.toggler:not(.activeTitle):hover{\nbackground-color:#e1e1e1;\n}\n#top .togglecontainer.av-mkzweehh-ea2bb90820a702301830daa27527a281 p.toggler .toggle_icon{\ncolor:#dc2c1c;\nborder-color:#dc2c1c;\n}\n#top .togglecontainer.av-mkzweehh-ea2bb90820a702301830daa27527a281 p.toggler .toggle_icon > span{\ncolor:#dc2c1c;\nborder-color:#dc2c1c;\n}\n#top .togglecontainer.av-mkzweehh-ea2bb90820a702301830daa27527a281 .toggle_wrap .toggle_content{\ncolor:#333333;\nborder-color:#dc2c1c;\n}\n<\/style>\n<div  class='togglecontainer av-mkzweehh-ea2bb90820a702301830daa27527a281 av-elegant-toggle  avia-builder-el-4  avia-builder-el-no-sibling  toggle_close_all' >\n<section class='av_toggle_section av-av_toggle-c54c5f920d378b597cb9cdd499a7a7f9'  itemscope=\"itemscope\" itemtype=\"https:\/\/schema.org\/CreativeWork\" ><div role=\"tablist\" class=\"single_toggle\" data-tags=\"{All} \"  ><p id='toggle-toggle-id-1' data-fake-id='#toggle-id-1' class='toggler  av-title-above av-inherit-border-color'  itemprop=\"headline\"  role='tab' tabindex='0' aria-controls='toggle-id-1' data-slide-speed=\"200\" data-title=\"Proyectos Inmobiliarios\" data-title-open=\"\" data-aria_collapsed=\"Click to expand: Proyectos Inmobiliarios\" data-aria_expanded=\"Click to collapse: Proyectos Inmobiliarios\">Proyectos Inmobiliarios<span class=\"toggle_icon\"><span class=\"vert_icon\"><\/span><span class=\"hor_icon\"><\/span><\/span><\/p><div id='toggle-id-1' aria-labelledby='toggle-toggle-id-1' role='region' class='toggle_wrap  av-title-above'  ><div class='toggle_content invers-color av-inherit-border-color'  itemprop=\"text\" ><p style=\"text-align: justify;\">Geocontrol asesora diversas Compa\u00f1\u00edas Mineras y Consultoras de Ingenier\u00eda, dise\u00f1ado campa\u00f1as de prospecciones para caracterizaci\u00f3n geot\u00e9cnica de grandes trazados, considerando requerimientos espec\u00edficos tales como cruces de quebradas, capacidad de soporte de suelos de fundaci\u00f3n del trazado y obras anexas, an\u00e1lisis de excavabilidad, comportamiento de materiales en botadero, an\u00e1lisis de estabilidad de taludes, evaluaci\u00f3n de requerimientos de caracterizaci\u00f3n s\u00edsmica de suelos de fundaci\u00f3n a trav\u00e9s de NCh 2369 of. 2023, entre otros.<\/p>\n<\/div><\/div><\/div><\/section>\n<section class='av_toggle_section av-av_toggle-4e7473f163abf56280246a6f941e4600'  itemscope=\"itemscope\" itemtype=\"https:\/\/schema.org\/CreativeWork\" ><div role=\"tablist\" class=\"single_toggle\" data-tags=\"{All} \"  ><p id='toggle-toggle-id-2' data-fake-id='#toggle-id-2' class='toggler  av-title-above av-inherit-border-color'  itemprop=\"headline\"  role='tab' tabindex='0' aria-controls='toggle-id-2' data-slide-speed=\"200\" data-title=\"Proyectos Urbanos\" data-title-open=\"\" data-aria_collapsed=\"Click to expand: Proyectos Urbanos\" data-aria_expanded=\"Click to collapse: Proyectos Urbanos\">Proyectos Urbanos<span class=\"toggle_icon\"><span class=\"vert_icon\"><\/span><span class=\"hor_icon\"><\/span><\/span><\/p><div id='toggle-id-2' aria-labelledby='toggle-toggle-id-2' role='region' class='toggle_wrap  av-title-above'  ><div class='toggle_content invers-color av-inherit-border-color'  itemprop=\"text\" ><p class=\"font_8 wixui-rich-text__text\" style=\"text-align: justify;\"><span class=\"wixui-rich-text__text\">La caracterizaci\u00f3n geot\u00e9cnica de suelos de fundaci\u00f3n en \u00e1reas industriales requiere de una evaluaci\u00f3n rigurosa y detallada de diversas variables y elementos importantes, que deben ser abordados de manera adecuada para garantizar la seguridad y estabilidad de las obras proyectadas, siendo un proceso que involucra varios aspectos importantes. Entre ellos se encuentra la definici\u00f3n del m\u00e9todo de prospecci\u00f3n m\u00e1s adecuado para la obra proyectada, teniendo en cuenta la profundidad de an\u00e1lisis de las exploraciones en funci\u00f3n de la geometr\u00eda y las solicitaciones esperadas..<\/span><\/p>\n<p class=\"font_8 wixui-rich-text__text\" style=\"text-align: justify;\"><span class=\"wixui-rich-text__text\">Adem\u00e1s, es esencial seguir metodolog\u00edas de muestreo alineadas con las indicaciones normativas y asegurarse de realizar un muestreo correcto para garantizar la representatividad del suelo. Tambi\u00e9n es necesario seleccionar los ensayos adecuados para determinar las propiedades geomec\u00e1nicas requeridas para el dise\u00f1o de la estructura.<\/span><\/p>\n<p class=\"font_8 wixui-rich-text__text\" style=\"text-align: justify;\"><span class=\"wixui-rich-text__text\">Con estas consideraciones es que Geocontrol y su equipo de especialistas, otorga asesor\u00eda t\u00e9cnica directa para decidir cual es la metodolog\u00eda de prospecci\u00f3n mas adecuada frente a las problem\u00e1ticas se\u00f1aladas anteriormente.<\/span><\/p>\n<\/div><\/div><\/div><\/section>\n<section class='av_toggle_section av-av_toggle-5b84fb0a07976c11997c6e0f6aaad8f4'  itemscope=\"itemscope\" itemtype=\"https:\/\/schema.org\/CreativeWork\" ><div role=\"tablist\" class=\"single_toggle\" data-tags=\"{All} \"  ><p id='toggle-toggle-id-3' data-fake-id='#toggle-id-3' class='toggler  av-title-above av-inherit-border-color'  itemprop=\"headline\"  role='tab' tabindex='0' aria-controls='toggle-id-3' data-slide-speed=\"200\" data-title=\"Proyectos Industriales\" data-title-open=\"\" data-aria_collapsed=\"Click to expand: Proyectos Industriales\" data-aria_expanded=\"Click to collapse: Proyectos Industriales\">Proyectos Industriales<span class=\"toggle_icon\"><span class=\"vert_icon\"><\/span><span class=\"hor_icon\"><\/span><\/span><\/p><div id='toggle-id-3' aria-labelledby='toggle-toggle-id-3' role='region' class='toggle_wrap  av-title-above'  ><div class='toggle_content invers-color av-inherit-border-color'  itemprop=\"text\" ><p style=\"text-align: justify;\">Geocontrol asesora diversas Compa\u00f1\u00edas Mineras y Consultoras de Ingenier\u00eda, dise\u00f1ado campa\u00f1as de prospecciones para caracterizaci\u00f3n geot\u00e9cnica de grandes trazados, considerando requerimientos espec\u00edficos tales como cruces de quebradas, capacidad de soporte de suelos de fundaci\u00f3n del trazado y obras anexas, an\u00e1lisis de excavabilidad, comportamiento de materiales en botadero, an\u00e1lisis de estabilidad de taludes, evaluaci\u00f3n de requerimientos de caracterizaci\u00f3n s\u00edsmica de suelos de fundaci\u00f3n a trav\u00e9s de NCh 2369 of. 2023, entre otros.<\/p>\n<\/div><\/div><\/div><\/section>\n<section class='av_toggle_section av-av_toggle-2ed3b73bd6f8b787c7e274dea3a3e8bf'  itemscope=\"itemscope\" itemtype=\"https:\/\/schema.org\/CreativeWork\" ><div role=\"tablist\" class=\"single_toggle\" data-tags=\"{All} \"  ><p id='toggle-toggle-id-4' data-fake-id='#toggle-id-4' class='toggler  av-title-above av-inherit-border-color'  itemprop=\"headline\"  role='tab' tabindex='0' aria-controls='toggle-id-4' data-slide-speed=\"200\" data-title=\"Proyectos Privados\" data-title-open=\"\" data-aria_collapsed=\"Click to expand: Proyectos Privados\" data-aria_expanded=\"Click to collapse: Proyectos Privados\">Proyectos Privados<span class=\"toggle_icon\"><span class=\"vert_icon\"><\/span><span class=\"hor_icon\"><\/span><\/span><\/p><div id='toggle-id-4' aria-labelledby='toggle-toggle-id-4' role='region' class='toggle_wrap  av-title-above'  ><div class='toggle_content invers-color av-inherit-border-color'  itemprop=\"text\" ><p style=\"text-align: justify;\">Geocontrol asesora diversas Compa\u00f1\u00edas Mineras y Consultoras de Ingenier\u00eda, dise\u00f1ado campa\u00f1as de prospecciones para caracterizaci\u00f3n geot\u00e9cnica de grandes trazados, considerando requerimientos espec\u00edficos tales como cruces de quebradas, capacidad de soporte de suelos de fundaci\u00f3n del trazado y obras anexas, an\u00e1lisis de excavabilidad, comportamiento de materiales en botadero, an\u00e1lisis de estabilidad de taludes, evaluaci\u00f3n de requerimientos de caracterizaci\u00f3n s\u00edsmica de suelos de fundaci\u00f3n a trav\u00e9s de NCh 2369 of. 2023, entre otros.<\/p>\n<\/div><\/div><\/div><\/section>\n<\/div><\/div>\n<style type=\"text\/css\" data-created_by=\"avia_inline_auto\" id=\"style-css-av-w9zifj-4399bf16b0cd845e83c93e2f5d81c940\">\n.flex_column.av-w9zifj-4399bf16b0cd845e83c93e2f5d81c940{\npadding:20px 20px 20px 20px;\n}\n<\/style>\n<div  class='flex_column av-w9zifj-4399bf16b0cd845e83c93e2f5d81c940 av_one_half  avia-builder-el-5  el_after_av_one_half  el_before_av_section  avia-builder-el-last  flex_column_div  '     ><style type=\"text\/css\" data-created_by=\"avia_inline_auto\" id=\"style-css-av-mauk2a9a-ea180d4f7079e42b5565bff22b815e2e\">\n#top .av_textblock_section.av-mauk2a9a-ea180d4f7079e42b5565bff22b815e2e .avia_textblock{\nfont-size:16px;\ntext-align:justify;\n}\n<\/style>\n<section  class='av_textblock_section av-mauk2a9a-ea180d4f7079e42b5565bff22b815e2e '   itemscope=\"itemscope\" itemtype=\"https:\/\/schema.org\/CreativeWork\" ><div class='avia_textblock'  itemprop=\"text\" ><p>El desarrollo de proyectos inmobiliarios, urbanos, industriales y privados de peque\u00f1a escala requiere estudios geot\u00e9cnicos que permitan caracterizar adecuadamente las condiciones del terreno y respaldar los criterios de dise\u00f1o de las obras proyectadas, en concordancia con la normativa t\u00e9cnica vigente.<\/p>\n<p>Estas investigaciones consideran prospecciones en terreno para identificar la estratigraf\u00eda del suelo y las condiciones de relleno, as\u00ed como ensayos de laboratorio orientados a la clasificaci\u00f3n y determinaci\u00f3n de las propiedades mec\u00e1nicas de los suelos, permitiendo definir par\u00e1metros para el dise\u00f1o de fundaciones, pavimentos y obras civiles conforme a los lineamientos de la NCh1508.<\/p>\n<p>Esta metodolog\u00eda, aplicada de manera coordinada en gabinete y terreno, permite desarrollar soluciones t\u00e9cnicas s\u00f3lidas, ajustadas a las caracter\u00edsticas espec\u00edficas de cada proyecto y alineadas con las buenas pr\u00e1cticas de la ingenier\u00eda.<\/p>\n<\/div><\/section><\/div><\/div><\/div><\/div><!-- close content main div --><\/div><\/div><div id='av_section_3'  class='avia-section av-4xu99i-dce31e3e2616949073143a1feecc76cf main_color avia-section-default avia-no-border-styling  avia-builder-el-7  el_after_av_one_half  el_before_av_section  avia-bg-style-scroll container_wrap sidebar_right'  ><div class='container av-section-cont-open' ><div class='template-page content  av-content-small alpha units'><div class='post-entry post-entry-type-page post-entry-4642'><div class='entry-content-wrapper clearfix'>\n<div  class='flex_column av-2kiu9y-df7a9e03b35a136b4919d224216e8c79 av_one_fourth  avia-builder-el-8  el_before_av_one_fourth  avia-builder-el-first  col-img-vertical first no_margin flex_column_div  '     ><\/div><div  class='flex_column av-5nayt2-c9d11f9e36971b2e7c7d12780f30238b av_one_fourth  avia-builder-el-10  el_after_av_one_fourth  el_before_av_one_fourth  no_margin flex_column_div  '     ><\/div><div  class='flex_column av-48az4m-a3f52ed57fab9d594e04613bdf788f0a av_one_fourth  avia-builder-el-12  el_after_av_one_fourth  el_before_av_one_fourth  no_margin flex_column_div  '     ><\/div><div  class='flex_column av-3552ye-21449e1fa8fcea3b8250c6b21af5a6f3 av_one_fourth  avia-builder-el-14  el_after_av_one_fourth  avia-builder-el-last  no_margin flex_column_div  '     ><\/div>\n<\/p>\n<\/div><\/div><\/div><!-- close content main div --><\/div><\/div>\n<style type=\"text\/css\" data-created_by=\"avia_inline_auto\" id=\"style-css-av-mj333hlb-0e3b2af26245f1dfa92376fd19569182\">\n.avia-section.av-mj333hlb-0e3b2af26245f1dfa92376fd19569182{\nbackground-color:#555555;\nbackground-image:unset;\n}\n<\/style>\n<div id='av_section_4'  class='avia-section av-mj333hlb-0e3b2af26245f1dfa92376fd19569182 main_color avia-section-small avia-no-border-styling  avia-builder-el-16  el_after_av_section  avia-builder-el-last  avia-bg-style-scroll container_wrap sidebar_right'  ><div class='container av-section-cont-open' ><div class='template-page content  av-content-small alpha units'><div class='post-entry post-entry-type-page post-entry-4642'><div class='entry-content-wrapper clearfix'><\/div><\/div><\/div><!-- close content main div --><\/div><\/div><div id='after_section_4'  class='main_color av_default_container_wrap container_wrap sidebar_right'  ><div class='container av-section-cont-open' ><div class='template-page content  av-content-small alpha units'><div class='post-entry post-entry-type-page post-entry-4642'><div class='entry-content-wrapper clearfix'>\n","protected":false},"excerpt":{"rendered":"<p>This is a Page excerpt. It will be displayed for search results<\/p>\n","protected":false},"author":1,"featured_media":0,"parent":3881,"menu_order":0,"comment_status":"open","ping_status":"closed","template":"","meta":{"footnotes":""},"class_list":["post-4642","page","type-page","status-publish","hentry"],"_links":{"self":[{"href":"https:\/\/ingeocontrol.cl\/index.php?rest_route=\/wp\/v2\/pages\/4642","targetHints":{"allow":["GET"]}}],"collection":[{"href":"https:\/\/ingeocontrol.cl\/index.php?rest_route=\/wp\/v2\/pages"}],"about":[{"href":"https:\/\/ingeocontrol.cl\/index.php?rest_route=\/wp\/v2\/types\/page"}],"author":[{"embeddable":true,"href":"https:\/\/ingeocontrol.cl\/index.php?rest_route=\/wp\/v2\/users\/1"}],"replies":[{"embeddable":true,"href":"https:\/\/ingeocontrol.cl\/index.php?rest_route=%2Fwp%2Fv2%2Fcomments&post=4642"}],"version-history":[{"count":17,"href":"https:\/\/ingeocontrol.cl\/index.php?rest_route=\/wp\/v2\/pages\/4642\/revisions"}],"predecessor-version":[{"id":5170,"href":"https:\/\/ingeocontrol.cl\/index.php?rest_route=\/wp\/v2\/pages\/4642\/revisions\/5170"}],"up":[{"embeddable":true,"href":"https:\/\/ingeocontrol.cl\/index.php?rest_route=\/wp\/v2\/pages\/3881"}],"wp:attachment":[{"href":"https:\/\/ingeocontrol.cl\/index.php?rest_route=%2Fwp%2Fv2%2Fmedia&parent=4642"}],"curies":[{"name":"wp","href":"https:\/\/api.w.org\/{rel}","templated":true}]}}