{"id":4632,"date":"2026-01-14T12:26:09","date_gmt":"2026-01-14T15:26:09","guid":{"rendered":"https:\/\/ingeocontrol.cl\/?page_id=4632"},"modified":"2026-01-29T16:44:56","modified_gmt":"2026-01-29T19:44:56","slug":"obras-publicas-municipales","status":"publish","type":"page","link":"https:\/\/ingeocontrol.cl\/?page_id=4632","title":{"rendered":"Obras P\u00fablicas y Municipales"},"content":{"rendered":"\n<style type=\"text\/css\" data-created_by=\"avia_inline_auto\" id=\"style-css-av-mj32v3oe-ef7f0d07fbe3f95666b3c824402bd5c8\">\n.avia-section.av-mj32v3oe-ef7f0d07fbe3f95666b3c824402bd5c8{\nbackground-repeat:no-repeat;\nbackground-image:url(https:\/\/ingeocontrol.cl\/wp-content\/uploads\/2026\/01\/nerea-marti-sesarino-_NpSkRaTy0A-unsplash-1500x1000.jpg);\nbackground-position:50% 50%;\nbackground-attachment:scroll;\n}\n.avia-section.av-mj32v3oe-ef7f0d07fbe3f95666b3c824402bd5c8 .av-section-color-overlay{\nopacity:0.5;\nbackground-color:#0f0f0f;\n}\n<\/style>\n<div id='av_section_1'  class='avia-section av-mj32v3oe-ef7f0d07fbe3f95666b3c824402bd5c8 main_color avia-section-default avia-no-border-styling  avia-builder-el-0  el_before_av_section  avia-builder-el-first  avia-full-stretch avia-bg-style-scroll av-section-color-overlay-active av-minimum-height av-minimum-height-50 av-height-50  container_wrap sidebar_right'  data-section-bg-repeat='stretch' data-av_minimum_height_pc='50' data-av_min_height_opt='50'><div class=\"av-section-color-overlay-wrap\"><div class=\"av-section-color-overlay\"><\/div><div class='container av-section-cont-open' ><main  role=\"main\" itemprop=\"mainContentOfPage\"  class='template-page content  av-content-small alpha units'><div class='post-entry post-entry-type-page post-entry-4632'><div class='entry-content-wrapper clearfix'>\n\n<style type=\"text\/css\" data-created_by=\"avia_inline_auto\" id=\"style-css-av-mauk5wqr-99da747bf2c5e43679205f106ea72a10\">\n#top .av-special-heading.av-mauk5wqr-99da747bf2c5e43679205f106ea72a10{\nmargin:50px 0 50px 0;\npadding-bottom:10px;\ncolor:#ffffff;\n}\nbody .av-special-heading.av-mauk5wqr-99da747bf2c5e43679205f106ea72a10 .av-special-heading-tag .heading-char{\nfont-size:25px;\n}\n#top #wrap_all .av-special-heading.av-mauk5wqr-99da747bf2c5e43679205f106ea72a10 .av-special-heading-tag{\npadding:0 0 40px 0;\n}\n.av-special-heading.av-mauk5wqr-99da747bf2c5e43679205f106ea72a10 .special-heading-inner-border{\nborder-color:#ffffff;\n}\n.av-special-heading.av-mauk5wqr-99da747bf2c5e43679205f106ea72a10 .av-subheading{\nfont-size:15px;\n}\n<\/style>\n<div  class='av-special-heading av-mauk5wqr-99da747bf2c5e43679205f106ea72a10 av-special-heading-h1 custom-color-heading blockquote elegant-quote elegant-centered  avia-builder-el-1  avia-builder-el-no-sibling '><h1 class='av-special-heading-tag '  itemprop=\"headline\"  ><span class=\"heading-wrap\">Obras P\u00fablicas y Municipales<\/span><\/h1><div class=\"special-heading-border\"><div class=\"special-heading-inner-border\"><\/div><\/div><\/div>\n\n<\/div><\/div><\/main><!-- close content main element --><\/div><\/div><\/div>\n<style type=\"text\/css\" data-created_by=\"avia_inline_auto\" id=\"style-css-av-mj331fl6-45e0b8201a598dfa26f779288f32321c\">\n.avia-section.av-mj331fl6-45e0b8201a598dfa26f779288f32321c{\nbackground-color:#dc2c1c;\nbackground-image:unset;\n}\n<\/style>\n<div id='av_section_2'  class='avia-section av-mj331fl6-45e0b8201a598dfa26f779288f32321c main_color avia-section-small avia-no-border-styling  avia-builder-el-2  el_after_av_section  el_before_av_one_half  avia-bg-style-scroll container_wrap sidebar_right'  ><div class='container av-section-cont-open' ><div class='template-page content  av-content-small alpha units'><div class='post-entry post-entry-type-page post-entry-4632'><div class='entry-content-wrapper clearfix'><\/div><\/div><\/div><!-- close content main div --><\/div><\/div><div id='after_section_2'  class='main_color av_default_container_wrap container_wrap sidebar_right'  ><div class='container av-section-cont-open' ><div class='template-page content  av-content-small alpha units'><div class='post-entry post-entry-type-page post-entry-4632'><div class='entry-content-wrapper clearfix'>\n\n<style type=\"text\/css\" data-created_by=\"avia_inline_auto\" id=\"style-css-av-n5i8jz-a3757cd788dda5c8124e55d9cfec9fb1\">\n.flex_column.av-n5i8jz-a3757cd788dda5c8124e55d9cfec9fb1{\npadding:50px 0 0 0;\n}\n<\/style>\n<div  class='flex_column av-n5i8jz-a3757cd788dda5c8124e55d9cfec9fb1 av_one_half  avia-builder-el-3  el_after_av_section  el_before_av_one_half  avia-builder-el-first  first flex_column_div  '     ><style type=\"text\/css\" data-created_by=\"avia_inline_auto\" id=\"style-css-av-mkzv4wfq-71313f45f15721e35e8e0c579debacbc\">\n#top .togglecontainer.av-mkzv4wfq-71313f45f15721e35e8e0c579debacbc p.toggler{\ncolor:#333333;\nborder-color:#dc2c1c;\n}\n#top .togglecontainer.av-mkzv4wfq-71313f45f15721e35e8e0c579debacbc p.toggler:not(.activeTitle):hover{\nbackground-color:#e1e1e1;\n}\n#top .togglecontainer.av-mkzv4wfq-71313f45f15721e35e8e0c579debacbc p.toggler .toggle_icon{\ncolor:#dc2c1c;\nborder-color:#dc2c1c;\n}\n#top .togglecontainer.av-mkzv4wfq-71313f45f15721e35e8e0c579debacbc p.toggler .toggle_icon > span{\ncolor:#dc2c1c;\nborder-color:#dc2c1c;\n}\n#top .togglecontainer.av-mkzv4wfq-71313f45f15721e35e8e0c579debacbc .toggle_wrap .toggle_content{\ncolor:#333333;\nborder-color:#dc2c1c;\n}\n<\/style>\n<div  class='togglecontainer av-mkzv4wfq-71313f45f15721e35e8e0c579debacbc av-elegant-toggle  avia-builder-el-4  avia-builder-el-no-sibling  toggle_close_all' >\n<section class='av_toggle_section av-mkzv4vpm-329ac8491fa8bb5ba3356b6fa445b60e'  itemscope=\"itemscope\" itemtype=\"https:\/\/schema.org\/CreativeWork\" ><div role=\"tablist\" class=\"single_toggle\" data-tags=\"{All} \"  ><p id='toggle-toggle-id-1' data-fake-id='#toggle-id-1' class='toggler  av-title-above av-inherit-border-color'  itemprop=\"headline\"  role='tab' tabindex='0' aria-controls='toggle-id-1' data-slide-speed=\"200\" data-title=\"Vialidad y Obras de Conectividad\" data-title-open=\"\" data-aria_collapsed=\"Click to expand: Vialidad y Obras de Conectividad\" data-aria_expanded=\"Click to collapse: Vialidad y Obras de Conectividad\">Vialidad y Obras de Conectividad<span class=\"toggle_icon\"><span class=\"vert_icon\"><\/span><span class=\"hor_icon\"><\/span><\/span><\/p><div id='toggle-id-1' aria-labelledby='toggle-toggle-id-1' role='region' class='toggle_wrap  av-title-above'  ><div class='toggle_content invers-color av-inherit-border-color'  itemprop=\"text\" ><p data-start=\"1221\" data-end=\"1807\">Las obras de vialidad y conectividad comprenden calles, caminos urbanos, accesos y v\u00edas de circulaci\u00f3n, as\u00ed como taludes de corte en suelo y roca asociados a trazados viales.<\/p>\n<p data-start=\"1221\" data-end=\"1807\">La caracterizaci\u00f3n geot\u00e9cnica permite definir par\u00e1metros de soporte y deformaci\u00f3n de la subrasante para el dise\u00f1o de pavimentos, y evaluar la estabilidad de taludes mediante criterios geol\u00f3gicos y geomec\u00e1nicos. Para este tipo de obras se emplean habitualmente calicatas y exploraci\u00f3n directa, junto con ensayos como CBR, densidad in situ (cono de arena o m\u00e9todos equivalentes), granulometr\u00eda y l\u00edmites de Atterberg, complementados con levantamiento geol\u00f3gico, clasificaciones de macizo rocoso y ensayos de laboratorio para el an\u00e1lisis de estabilidad de cortes en roca.<\/p>\n<h4 data-start=\"1577\" data-end=\"1616\"><\/h4>\n<\/div><\/div><\/div><\/section>\n<section class='av_toggle_section av-av_toggle-953a161d07299c68f66c2d7b0e4fb901'  itemscope=\"itemscope\" itemtype=\"https:\/\/schema.org\/CreativeWork\" ><div role=\"tablist\" class=\"single_toggle\" data-tags=\"{All} \"  ><p id='toggle-toggle-id-2' data-fake-id='#toggle-id-2' class='toggler  av-title-above av-inherit-border-color'  itemprop=\"headline\"  role='tab' tabindex='0' aria-controls='toggle-id-2' data-slide-speed=\"200\" data-title=\"Espacios P\u00fablico y Urbanizaci\u00f3n\" data-title-open=\"\" data-aria_collapsed=\"Click to expand: Espacios P\u00fablico y Urbanizaci\u00f3n\" data-aria_expanded=\"Click to collapse: Espacios P\u00fablico y Urbanizaci\u00f3n\">Espacios P\u00fablico y Urbanizaci\u00f3n<span class=\"toggle_icon\"><span class=\"vert_icon\"><\/span><span class=\"hor_icon\"><\/span><\/span><\/p><div id='toggle-id-2' aria-labelledby='toggle-toggle-id-2' role='region' class='toggle_wrap  av-title-above'  ><div class='toggle_content invers-color av-inherit-border-color'  itemprop=\"text\" ><p data-start=\"1617\" data-end=\"1715\">Plazas, parques, veredas, ciclov\u00edas, \u00e1reas recreativas y obras de urbanizaci\u00f3n requieren verificar la aptitud del terreno y la calidad de los rellenos\/terraplenes para asegurar desempe\u00f1o y durabilidad.<\/p>\n<p data-start=\"1617\" data-end=\"1715\">En este tipo de proyectos, el estudio se apoya en exploraci\u00f3n directa (calicatas) y control de compactaci\u00f3n, incorporando ensayos habituales como Proctor (humedad \u00f3ptima\/densidad m\u00e1xima) y densidad in situ (frecuentemente con cono de arena), adem\u00e1s de granulometr\u00eda y l\u00edmites de Atterberg para clasificar materiales y definir criterios de mejoramiento.<\/p>\n<p data-start=\"1617\" data-end=\"1715\">Cuando existen capas granulares o soluciones tipo pavimento, puede complementarse con CBR y\/o placa de carga para verificaci\u00f3n de bases\/subbases seg\u00fan las exigencias del proyecto.<\/p>\n<\/div><\/div><\/div><\/section>\n<section class='av_toggle_section av-av_toggle-17677990b2f1ba083c1024d6b257946d'  itemscope=\"itemscope\" itemtype=\"https:\/\/schema.org\/CreativeWork\" ><div role=\"tablist\" class=\"single_toggle\" data-tags=\"{All} \"  ><p id='toggle-toggle-id-3' data-fake-id='#toggle-id-3' class='toggler  av-title-above av-inherit-border-color'  itemprop=\"headline\"  role='tab' tabindex='0' aria-controls='toggle-id-3' data-slide-speed=\"200\" data-title=\"Edificaciones y Equipamiento P\u00fablico\" data-title-open=\"\" data-aria_collapsed=\"Click to expand: Edificaciones y Equipamiento P\u00fablico\" data-aria_expanded=\"Click to collapse: Edificaciones y Equipamiento P\u00fablico\">Edificaciones y Equipamiento P\u00fablico<span class=\"toggle_icon\"><span class=\"vert_icon\"><\/span><span class=\"hor_icon\"><\/span><\/span><\/p><div id='toggle-id-3' aria-labelledby='toggle-toggle-id-3' role='region' class='toggle_wrap  av-title-above'  ><div class='toggle_content invers-color av-inherit-border-color'  itemprop=\"text\" ><p data-start=\"1763\" data-end=\"1866\">Edificios, CESFAM\/postas, escuelas, centros comunitarios, cuarteles y recintos de servicio requieren par\u00e1metros geot\u00e9cnicos orientados a fundaciones y, cuando corresponde, a criterios s\u00edsmicos del sitio.<\/p>\n<p data-start=\"1763\" data-end=\"1866\">Para ello se consideran exploraciones mediante calicatas y\/o sondajes, con ensayos in situ como SPT para caracterizar resistencia\/estratigraf\u00eda y apoyar la definici\u00f3n de par\u00e1metros de dise\u00f1o. El programa se complementa con ensayos de laboratorio t\u00edpicos, como granulometr\u00eda, l\u00edmites de consistencia, humedad, densidad de part\u00edculas y, seg\u00fan el caso, corte directo\/consolidaci\u00f3n\/triaxial\u00a0para estimar capacidad portante, asentamientos y condiciones de fundaci\u00f3n. En edificaciones, adem\u00e1s, la clasificaci\u00f3n s\u00edsmica del terreno se vincula a los requerimientos de la NCh433 (p. ej., Vs30 y criterios asociados) y al enfoque m\u00ednimo de investigaci\u00f3n indicado por NCh1508.<\/p>\n<\/div><\/div><\/div><\/section>\n<\/div><\/div>\n<style type=\"text\/css\" data-created_by=\"avia_inline_auto\" id=\"style-css-av-w9zifj-4399bf16b0cd845e83c93e2f5d81c940\">\n.flex_column.av-w9zifj-4399bf16b0cd845e83c93e2f5d81c940{\npadding:20px 20px 20px 20px;\n}\n<\/style>\n<div  class='flex_column av-w9zifj-4399bf16b0cd845e83c93e2f5d81c940 av_one_half  avia-builder-el-5  el_after_av_one_half  el_before_av_section  avia-builder-el-last  flex_column_div  '     ><style type=\"text\/css\" data-created_by=\"avia_inline_auto\" id=\"style-css-av-mauk2a9a-ea180d4f7079e42b5565bff22b815e2e\">\n#top .av_textblock_section.av-mauk2a9a-ea180d4f7079e42b5565bff22b815e2e .avia_textblock{\nfont-size:16px;\ntext-align:justify;\n}\n<\/style>\n<section  class='av_textblock_section av-mauk2a9a-ea180d4f7079e42b5565bff22b815e2e '   itemscope=\"itemscope\" itemtype=\"https:\/\/schema.org\/CreativeWork\" ><div class='avia_textblock'  itemprop=\"text\" ><p data-start=\"381\" data-end=\"1110\">El desarrollo de obras p\u00fablicas y proyectos municipales requiere estudios geot\u00e9cnicos que permitan caracterizar adecuadamente el suelo, definir par\u00e1metros de dise\u00f1o y verificar el cumplimiento de la normativa vigente. Estos estudios consideran la naturaleza y variabilidad de los materiales, la profundidad de investigaci\u00f3n requerida seg\u00fan el tipo de obra y las solicitaciones esperadas, as\u00ed como la evaluaci\u00f3n de condiciones relevantes para el comportamiento del terreno. Su aplicaci\u00f3n abarca infraestructura vial, urbanizaci\u00f3n, espacio p\u00fablico y edificaciones de uso comunitario, proporcionando una base t\u00e9cnica confiable para el dise\u00f1o de soluciones seguras, eficientes y coherentes con las condiciones del entorno urbano.<\/p>\n<\/div><\/section><\/div><\/div><\/div><\/div><!-- close content main div --><\/div><\/div><div id='av_section_3'  class='avia-section av-4xu99i-dce31e3e2616949073143a1feecc76cf main_color avia-section-default avia-no-border-styling  avia-builder-el-7  el_after_av_one_half  el_before_av_section  avia-bg-style-scroll container_wrap sidebar_right'  ><div class='container av-section-cont-open' ><div class='template-page content  av-content-small alpha units'><div class='post-entry post-entry-type-page post-entry-4632'><div class='entry-content-wrapper clearfix'>\n<div  class='flex_column av-2kiu9y-e67aa66c4389e1594bfd911f1e5cf2e4 av_one_third  avia-builder-el-8  el_before_av_one_third  avia-builder-el-first  first no_margin flex_column_div  '     ><\/div><div  class='flex_column av-5nayt2-c9d11f9e36971b2e7c7d12780f30238b av_one_third  avia-builder-el-10  el_after_av_one_third  el_before_av_one_third  no_margin flex_column_div  '     ><\/div><div  class='flex_column av-48az4m-a3f52ed57fab9d594e04613bdf788f0a av_one_third  avia-builder-el-12  el_after_av_one_third  avia-builder-el-last  no_margin flex_column_div  '     ><\/div><\/div><\/div><\/div><!-- close content main div --><\/div><\/div>\n<style type=\"text\/css\" data-created_by=\"avia_inline_auto\" id=\"style-css-av-mj333hlb-0e3b2af26245f1dfa92376fd19569182\">\n.avia-section.av-mj333hlb-0e3b2af26245f1dfa92376fd19569182{\nbackground-color:#555555;\nbackground-image:unset;\n}\n<\/style>\n<div id='av_section_4'  class='avia-section av-mj333hlb-0e3b2af26245f1dfa92376fd19569182 main_color avia-section-small avia-no-border-styling  avia-builder-el-14  el_after_av_section  avia-builder-el-last  avia-bg-style-scroll container_wrap sidebar_right'  ><div class='container av-section-cont-open' ><div class='template-page content  av-content-small alpha units'><div class='post-entry post-entry-type-page post-entry-4632'><div class='entry-content-wrapper clearfix'><\/div><\/div><\/div><!-- close content main div --><\/div><\/div><div id='after_section_4'  class='main_color av_default_container_wrap container_wrap sidebar_right'  ><div class='container av-section-cont-open' ><div class='template-page content  av-content-small alpha units'><div class='post-entry post-entry-type-page post-entry-4632'><div class='entry-content-wrapper clearfix'><\/p>\n","protected":false},"excerpt":{"rendered":"<p>This is a Page excerpt. It will be displayed for search results<\/p>\n","protected":false},"author":1,"featured_media":0,"parent":3881,"menu_order":0,"comment_status":"open","ping_status":"closed","template":"","meta":{"footnotes":""},"class_list":["post-4632","page","type-page","status-publish","hentry"],"_links":{"self":[{"href":"https:\/\/ingeocontrol.cl\/index.php?rest_route=\/wp\/v2\/pages\/4632","targetHints":{"allow":["GET"]}}],"collection":[{"href":"https:\/\/ingeocontrol.cl\/index.php?rest_route=\/wp\/v2\/pages"}],"about":[{"href":"https:\/\/ingeocontrol.cl\/index.php?rest_route=\/wp\/v2\/types\/page"}],"author":[{"embeddable":true,"href":"https:\/\/ingeocontrol.cl\/index.php?rest_route=\/wp\/v2\/users\/1"}],"replies":[{"embeddable":true,"href":"https:\/\/ingeocontrol.cl\/index.php?rest_route=%2Fwp%2Fv2%2Fcomments&post=4632"}],"version-history":[{"count":26,"href":"https:\/\/ingeocontrol.cl\/index.php?rest_route=\/wp\/v2\/pages\/4632\/revisions"}],"predecessor-version":[{"id":5161,"href":"https:\/\/ingeocontrol.cl\/index.php?rest_route=\/wp\/v2\/pages\/4632\/revisions\/5161"}],"up":[{"embeddable":true,"href":"https:\/\/ingeocontrol.cl\/index.php?rest_route=\/wp\/v2\/pages\/3881"}],"wp:attachment":[{"href":"https:\/\/ingeocontrol.cl\/index.php?rest_route=%2Fwp%2Fv2%2Fmedia&parent=4632"}],"curies":[{"name":"wp","href":"https:\/\/api.w.org\/{rel}","templated":true}]}}