{"id":4342,"date":"2025-12-16T18:08:01","date_gmt":"2025-12-16T21:08:01","guid":{"rendered":"https:\/\/ingeocontrol.cl\/?page_id=4342"},"modified":"2025-12-17T13:59:45","modified_gmt":"2025-12-17T16:59:45","slug":"supervision-asesoria-ejecucion","status":"publish","type":"page","link":"https:\/\/ingeocontrol.cl\/?page_id=4342","title":{"rendered":"Supervisi\u00f3n, asesor\u00eda y ejecuci\u00f3n obras menores y urbanas"},"content":{"rendered":"\n<style type=\"text\/css\" data-created_by=\"avia_inline_auto\" id=\"style-css-av-mj33bhrp-a97f498d9e53b6b40d2e947094ea06a6\">\n.avia-section.av-mj33bhrp-a97f498d9e53b6b40d2e947094ea06a6{\nbackground-repeat:no-repeat;\nbackground-image:url(https:\/\/ingeocontrol.cl\/wp-content\/uploads\/2025\/12\/painted-lines-of-bike-lane-1500x1001.jpg);\nbackground-position:0% 0%;\nbackground-attachment:fixed;\n}\n.avia-section.av-mj33bhrp-a97f498d9e53b6b40d2e947094ea06a6 .av-section-color-overlay{\nopacity:0.5;\nbackground-color:#070707;\n}\n<\/style>\n<div id='av_section_1'  class='avia-section av-mj33bhrp-a97f498d9e53b6b40d2e947094ea06a6 main_color avia-section-default avia-no-border-styling  avia-builder-el-0  el_before_av_section  avia-builder-el-first  avia-full-stretch avia-bg-style-fixed av-section-color-overlay-active av-minimum-height av-minimum-height-50 av-height-50  container_wrap sidebar_right'  data-section-bg-repeat='stretch' data-av_minimum_height_pc='50' data-av_min_height_opt='50'><div class=\"av-section-color-overlay-wrap\"><div class=\"av-section-color-overlay\"><\/div><div class='container av-section-cont-open' ><main  role=\"main\" itemprop=\"mainContentOfPage\"  class='template-page content  av-content-small alpha units'><div class='post-entry post-entry-type-page post-entry-4342'><div class='entry-content-wrapper clearfix'>\n\n<style type=\"text\/css\" data-created_by=\"avia_inline_auto\" id=\"style-css-av-mauk5wqr-fda561054023f7574827399778080710\">\n#top .av-special-heading.av-mauk5wqr-fda561054023f7574827399778080710{\nmargin:50px 0 50px 0;\npadding-bottom:10px;\ncolor:#ffffff;\n}\nbody .av-special-heading.av-mauk5wqr-fda561054023f7574827399778080710 .av-special-heading-tag .heading-char{\nfont-size:25px;\n}\n#top #wrap_all .av-special-heading.av-mauk5wqr-fda561054023f7574827399778080710 .av-special-heading-tag{\npadding:0 0 0 0;\n}\n.av-special-heading.av-mauk5wqr-fda561054023f7574827399778080710 .special-heading-inner-border{\nborder-color:#ffffff;\n}\n.av-special-heading.av-mauk5wqr-fda561054023f7574827399778080710 .av-subheading{\nfont-size:15px;\n}\n<\/style>\n<div  class='av-special-heading av-mauk5wqr-fda561054023f7574827399778080710 av-special-heading-h1 custom-color-heading blockquote elegant-quote elegant-centered  avia-builder-el-1  avia-builder-el-no-sibling  av-thin-font'><h1 class='av-special-heading-tag '  itemprop=\"headline\"  ><span class=\"heading-wrap\"><strong>Supervisi\u00f3n, asesor\u00eda y ejecuci\u00f3n obras menores y urbanas<\/strong><\/span><\/h1><div class=\"special-heading-border\"><div class=\"special-heading-inner-border\"><\/div><\/div><\/div>\n<\/div><\/div><\/main><!-- close content main element --><\/div><\/div><\/div><div id='av_section_2'  class='avia-section av-7d17ae-8dd110276792c3c89aa4fe30b4364ea7 main_color avia-section-default avia-no-border-styling  avia-builder-el-2  el_after_av_section  el_before_av_section  avia-bg-style-scroll container_wrap sidebar_right'  ><div class='container av-section-cont-open' ><div class='template-page content  av-content-small alpha units'><div class='post-entry post-entry-type-page post-entry-4342'><div class='entry-content-wrapper clearfix'>\n<div  class='flex_column av-6ghnd2-0f30e775421d7292ff2c3ed6a5da364e av_one_half  avia-builder-el-3  el_before_av_one_half  avia-builder-el-first  first flex_column_div  '     ><style type=\"text\/css\" data-created_by=\"avia_inline_auto\" id=\"style-css-av-mj90s9zs-be234a2d8a42fcf286496c3a0a307b8b\">\n#top .avia-gallery.av-mj90s9zs-be234a2d8a42fcf286496c3a0a307b8b .avia-gallery-thumb a{\nwidth:50%;\n}\n<\/style>\n<div  class='avia-gallery av-mj90s9zs-be234a2d8a42fcf286496c3a0a307b8b avia_animate_when_visible  avia-builder-el-4  avia-builder-el-no-sibling  animations_off avia-gallery-1'  itemprop=\"image\" itemscope=\"itemscope\" itemtype=\"https:\/\/schema.org\/ImageObject\" ><meta itemprop=\"contentURL\" content=\"https:\/\/ingeocontrol.cl\/?page_id=4342\"><div class='avia-gallery-thumb'><a href=\"https:\/\/ingeocontrol.cl\/wp-content\/uploads\/2025\/12\/pointing-to-blueprints-1030x687.jpg\" data-srcset=\"https:\/\/ingeocontrol.cl\/wp-content\/uploads\/2025\/12\/pointing-to-blueprints-1030x687.jpg 1030w, https:\/\/ingeocontrol.cl\/wp-content\/uploads\/2025\/12\/pointing-to-blueprints-300x200.jpg 300w, https:\/\/ingeocontrol.cl\/wp-content\/uploads\/2025\/12\/pointing-to-blueprints-768x512.jpg 768w, https:\/\/ingeocontrol.cl\/wp-content\/uploads\/2025\/12\/pointing-to-blueprints-1536x1024.jpg 1536w, https:\/\/ingeocontrol.cl\/wp-content\/uploads\/2025\/12\/pointing-to-blueprints-2048x1365.jpg 2048w, https:\/\/ingeocontrol.cl\/wp-content\/uploads\/2025\/12\/pointing-to-blueprints-1500x1000.jpg 1500w, https:\/\/ingeocontrol.cl\/wp-content\/uploads\/2025\/12\/pointing-to-blueprints-705x470.jpg 705w\" data-sizes=\"(max-width: 1030px) 100vw, 1030px\" data-rel='gallery-1' data-prev-img='https:\/\/ingeocontrol.cl\/wp-content\/uploads\/2025\/12\/pointing-to-blueprints-495x400.jpg' class='first_thumb avianolink noLightbox ' data-onclick='1' title='pointing-to-blueprints'  itemprop=\"thumbnailUrl\"  ><img decoding=\"async\" fetchpriority=\"high\" class=\"wp-image-4338 avia-img-lazy-loading-not-4338\"   src=\"https:\/\/ingeocontrol.cl\/wp-content\/uploads\/2025\/12\/pointing-to-blueprints-495x400.jpg\" width=\"495\" height=\"400\"  title='pointing-to-blueprints' alt='' srcset=\"https:\/\/ingeocontrol.cl\/wp-content\/uploads\/2025\/12\/pointing-to-blueprints-495x400.jpg 495w, https:\/\/ingeocontrol.cl\/wp-content\/uploads\/2025\/12\/pointing-to-blueprints-845x684.jpg 845w\" sizes=\"(max-width: 495px) 100vw, 495px\" \/><div class='big-prev-fake'><img decoding=\"async\" loading=\"lazy\" class=\"wp-image-4338 avia-img-lazy-loading-4338\"  width=\"495\" height=\"400\" src=\"https:\/\/ingeocontrol.cl\/wp-content\/uploads\/2025\/12\/pointing-to-blueprints-495x400.jpg\" title='pointing-to-blueprints' alt='' srcset=\"https:\/\/ingeocontrol.cl\/wp-content\/uploads\/2025\/12\/pointing-to-blueprints-495x400.jpg 495w, https:\/\/ingeocontrol.cl\/wp-content\/uploads\/2025\/12\/pointing-to-blueprints-845x684.jpg 845w\" sizes=\"auto, (max-width: 495px) 100vw, 495px\" \/><\/div><\/a><a href=\"https:\/\/ingeocontrol.cl\/wp-content\/uploads\/2025\/12\/geometric-concrete-park-1030x687.jpg\" data-srcset=\"https:\/\/ingeocontrol.cl\/wp-content\/uploads\/2025\/12\/geometric-concrete-park-1030x687.jpg 1030w, https:\/\/ingeocontrol.cl\/wp-content\/uploads\/2025\/12\/geometric-concrete-park-300x200.jpg 300w, https:\/\/ingeocontrol.cl\/wp-content\/uploads\/2025\/12\/geometric-concrete-park-768x512.jpg 768w, https:\/\/ingeocontrol.cl\/wp-content\/uploads\/2025\/12\/geometric-concrete-park-1536x1024.jpg 1536w, https:\/\/ingeocontrol.cl\/wp-content\/uploads\/2025\/12\/geometric-concrete-park-2048x1366.jpg 2048w, https:\/\/ingeocontrol.cl\/wp-content\/uploads\/2025\/12\/geometric-concrete-park-1500x1000.jpg 1500w, https:\/\/ingeocontrol.cl\/wp-content\/uploads\/2025\/12\/geometric-concrete-park-705x470.jpg 705w\" data-sizes=\"(max-width: 1030px) 100vw, 1030px\" data-rel='gallery-1' data-prev-img='https:\/\/ingeocontrol.cl\/wp-content\/uploads\/2025\/12\/geometric-concrete-park-495x400.jpg' class='avianolink noLightbox ' data-onclick='2' title='geometric-concrete-park'  itemprop=\"thumbnailUrl\"  ><img decoding=\"async\" fetchpriority=\"high\" class=\"wp-image-4336 avia-img-lazy-loading-not-4336\"   src=\"https:\/\/ingeocontrol.cl\/wp-content\/uploads\/2025\/12\/geometric-concrete-park-495x400.jpg\" width=\"495\" height=\"400\"  title='geometric-concrete-park' alt='' srcset=\"https:\/\/ingeocontrol.cl\/wp-content\/uploads\/2025\/12\/geometric-concrete-park-495x400.jpg 495w, https:\/\/ingeocontrol.cl\/wp-content\/uploads\/2025\/12\/geometric-concrete-park-845x684.jpg 845w\" sizes=\"(max-width: 495px) 100vw, 495px\" \/><div class='big-prev-fake'><img decoding=\"async\" loading=\"lazy\" class=\"wp-image-4336 avia-img-lazy-loading-4336\"  width=\"495\" height=\"400\" src=\"https:\/\/ingeocontrol.cl\/wp-content\/uploads\/2025\/12\/geometric-concrete-park-495x400.jpg\" title='geometric-concrete-park' alt='' srcset=\"https:\/\/ingeocontrol.cl\/wp-content\/uploads\/2025\/12\/geometric-concrete-park-495x400.jpg 495w, https:\/\/ingeocontrol.cl\/wp-content\/uploads\/2025\/12\/geometric-concrete-park-845x684.jpg 845w\" sizes=\"auto, (max-width: 495px) 100vw, 495px\" \/><\/div><\/a><a href=\"https:\/\/ingeocontrol.cl\/wp-content\/uploads\/2025\/12\/community-ping-ping-table-687x1030.jpg\" data-srcset=\"https:\/\/ingeocontrol.cl\/wp-content\/uploads\/2025\/12\/community-ping-ping-table-687x1030.jpg 687w, https:\/\/ingeocontrol.cl\/wp-content\/uploads\/2025\/12\/community-ping-ping-table-200x300.jpg 200w, https:\/\/ingeocontrol.cl\/wp-content\/uploads\/2025\/12\/community-ping-ping-table-768x1152.jpg 768w, https:\/\/ingeocontrol.cl\/wp-content\/uploads\/2025\/12\/community-ping-ping-table-1024x1536.jpg 1024w, https:\/\/ingeocontrol.cl\/wp-content\/uploads\/2025\/12\/community-ping-ping-table-1366x2048.jpg 1366w, https:\/\/ingeocontrol.cl\/wp-content\/uploads\/2025\/12\/community-ping-ping-table-1000x1500.jpg 1000w, https:\/\/ingeocontrol.cl\/wp-content\/uploads\/2025\/12\/community-ping-ping-table-470x705.jpg 470w, https:\/\/ingeocontrol.cl\/wp-content\/uploads\/2025\/12\/community-ping-ping-table-scaled.jpg 1707w\" data-sizes=\"(max-width: 687px) 100vw, 687px\" data-rel='gallery-1' data-prev-img='https:\/\/ingeocontrol.cl\/wp-content\/uploads\/2025\/12\/community-ping-ping-table-495x400.jpg' class='first_thumb avianolink noLightbox ' data-onclick='3' title='community-ping-ping-table'  itemprop=\"thumbnailUrl\"  ><img decoding=\"async\" fetchpriority=\"high\" class=\"wp-image-4335 avia-img-lazy-loading-not-4335\"   src=\"https:\/\/ingeocontrol.cl\/wp-content\/uploads\/2025\/12\/community-ping-ping-table-495x400.jpg\" width=\"495\" height=\"400\"  title='community-ping-ping-table' alt='' srcset=\"https:\/\/ingeocontrol.cl\/wp-content\/uploads\/2025\/12\/community-ping-ping-table-495x400.jpg 495w, https:\/\/ingeocontrol.cl\/wp-content\/uploads\/2025\/12\/community-ping-ping-table-845x684.jpg 845w\" sizes=\"(max-width: 495px) 100vw, 495px\" \/><div class='big-prev-fake'><img decoding=\"async\" loading=\"lazy\" class=\"wp-image-4335 avia-img-lazy-loading-4335\"  width=\"495\" height=\"400\" src=\"https:\/\/ingeocontrol.cl\/wp-content\/uploads\/2025\/12\/community-ping-ping-table-495x400.jpg\" title='community-ping-ping-table' alt='' srcset=\"https:\/\/ingeocontrol.cl\/wp-content\/uploads\/2025\/12\/community-ping-ping-table-495x400.jpg 495w, https:\/\/ingeocontrol.cl\/wp-content\/uploads\/2025\/12\/community-ping-ping-table-845x684.jpg 845w\" sizes=\"auto, (max-width: 495px) 100vw, 495px\" \/><\/div><\/a><a href=\"https:\/\/ingeocontrol.cl\/wp-content\/uploads\/2025\/12\/building-plans-in-hand-1030x687.jpg\" data-srcset=\"https:\/\/ingeocontrol.cl\/wp-content\/uploads\/2025\/12\/building-plans-in-hand-1030x687.jpg 1030w, https:\/\/ingeocontrol.cl\/wp-content\/uploads\/2025\/12\/building-plans-in-hand-300x200.jpg 300w, https:\/\/ingeocontrol.cl\/wp-content\/uploads\/2025\/12\/building-plans-in-hand-768x512.jpg 768w, https:\/\/ingeocontrol.cl\/wp-content\/uploads\/2025\/12\/building-plans-in-hand-1536x1024.jpg 1536w, https:\/\/ingeocontrol.cl\/wp-content\/uploads\/2025\/12\/building-plans-in-hand-2048x1365.jpg 2048w, https:\/\/ingeocontrol.cl\/wp-content\/uploads\/2025\/12\/building-plans-in-hand-1500x1000.jpg 1500w, https:\/\/ingeocontrol.cl\/wp-content\/uploads\/2025\/12\/building-plans-in-hand-705x470.jpg 705w\" data-sizes=\"(max-width: 1030px) 100vw, 1030px\" data-rel='gallery-1' data-prev-img='https:\/\/ingeocontrol.cl\/wp-content\/uploads\/2025\/12\/building-plans-in-hand-495x400.jpg' class='avianolink noLightbox ' data-onclick='4' title='building-plans-in-hand'  itemprop=\"thumbnailUrl\"  ><img decoding=\"async\" fetchpriority=\"high\" class=\"wp-image-4334 avia-img-lazy-loading-not-4334\"   src=\"https:\/\/ingeocontrol.cl\/wp-content\/uploads\/2025\/12\/building-plans-in-hand-495x400.jpg\" width=\"495\" height=\"400\"  title='building-plans-in-hand' alt='' srcset=\"https:\/\/ingeocontrol.cl\/wp-content\/uploads\/2025\/12\/building-plans-in-hand-495x400.jpg 495w, https:\/\/ingeocontrol.cl\/wp-content\/uploads\/2025\/12\/building-plans-in-hand-845x684.jpg 845w\" sizes=\"(max-width: 495px) 100vw, 495px\" \/><div class='big-prev-fake'><img decoding=\"async\" loading=\"lazy\" class=\"wp-image-4334 avia-img-lazy-loading-4334\"  width=\"495\" height=\"400\" src=\"https:\/\/ingeocontrol.cl\/wp-content\/uploads\/2025\/12\/building-plans-in-hand-495x400.jpg\" title='building-plans-in-hand' alt='' srcset=\"https:\/\/ingeocontrol.cl\/wp-content\/uploads\/2025\/12\/building-plans-in-hand-495x400.jpg 495w, https:\/\/ingeocontrol.cl\/wp-content\/uploads\/2025\/12\/building-plans-in-hand-845x684.jpg 845w\" sizes=\"auto, (max-width: 495px) 100vw, 495px\" \/><\/div><\/a><\/div><\/div><\/div><div  class='flex_column av-h68fq-e7e4dba714c572292dfaacc60011efcc av_one_half  avia-builder-el-5  el_after_av_one_half  el_before_av_textblock  flex_column_div  '     ><style type=\"text\/css\" data-created_by=\"avia_inline_auto\" id=\"style-css-av-mj90wd2e-07fa0b576ba1083115b9976fd04273a3\">\n#top .av_textblock_section.av-mj90wd2e-07fa0b576ba1083115b9976fd04273a3 .avia_textblock{\nfont-size:16px;\n}\n<\/style>\n<section  class='av_textblock_section av-mj90wd2e-07fa0b576ba1083115b9976fd04273a3 '   itemscope=\"itemscope\" itemtype=\"https:\/\/schema.org\/CreativeWork\" ><div class='avia_textblock'  itemprop=\"text\" ><p style=\"text-align: justify;\">Ingenier\u00eda Geocontrol presta servicios de supervisi\u00f3n, asesor\u00eda y apoyo t\u00e9cnico en obras de menor escala y obras urbanas, tales como parques, caminos, pavimentos, calzadas y desarrollos similares. Nuestros servicios se enfocan en mec\u00e1nica de suelos, geotecnia y an\u00e1lisis s\u00edsmico, asegurando que los trabajos se desarrollen conforme a los criterios de dise\u00f1o, la normativa vigente y las buenas pr\u00e1cticas de ingenier\u00eda, desde las etapas previas a la construcci\u00f3n.<\/p>\n<p style=\"text-align: left;\">El equipo participa activamente tanto en terreno como en gabinete, apoyando la correcta planificaci\u00f3n de partidas, la verificaci\u00f3n de condiciones geot\u00e9cnicas, el control t\u00e9cnico de actividades previas a la construcci\u00f3n y la resoluci\u00f3n oportuna de contingencias, entregando un respaldo t\u00e9cnico confiable para mandantes p\u00fablicos y privados.<\/p>\n<\/div><\/section><\/div><section  class='av_textblock_section av-2mo0ja-c09751b780474d87afe76f1233087678 '   itemscope=\"itemscope\" itemtype=\"https:\/\/schema.org\/CreativeWork\" ><div class='avia_textblock'  itemprop=\"text\" ><p>Click here to add your own text<\/p>\n<\/div><\/section>\n<\/p>\n<\/div><\/div><\/div><!-- close content main div --><\/div><\/div>\n<style type=\"text\/css\" data-created_by=\"avia_inline_auto\" id=\"style-css-av-mj3887c9-bf801ec58e164979557ef757099a02ae\">\n.avia-section.av-mj3887c9-bf801ec58e164979557ef757099a02ae{\nbackground-color:#555555;\nbackground-image:unset;\n}\n<\/style>\n<div id='av_section_3'  class='avia-section av-mj3887c9-bf801ec58e164979557ef757099a02ae main_color avia-section-small avia-no-border-styling  avia-builder-el-8  el_after_av_section  avia-builder-el-last  avia-bg-style-scroll container_wrap sidebar_right'  ><div class='container av-section-cont-open' ><div class='template-page content  av-content-small alpha units'><div class='post-entry post-entry-type-page post-entry-4342'><div class='entry-content-wrapper clearfix'><\/div><\/div><\/div><!-- close content main div --><\/div><\/div><div id='after_section_3'  class='main_color av_default_container_wrap container_wrap sidebar_right'  ><div class='container av-section-cont-open' ><div class='template-page content  av-content-small alpha units'><div class='post-entry post-entry-type-page post-entry-4342'><div class='entry-content-wrapper clearfix'>\n","protected":false},"excerpt":{"rendered":"<p>This is a Page excerpt. It will be displayed for search results<\/p>\n","protected":false},"author":1,"featured_media":0,"parent":3881,"menu_order":0,"comment_status":"open","ping_status":"closed","template":"","meta":{"footnotes":""},"class_list":["post-4342","page","type-page","status-publish","hentry"],"_links":{"self":[{"href":"https:\/\/ingeocontrol.cl\/index.php?rest_route=\/wp\/v2\/pages\/4342","targetHints":{"allow":["GET"]}}],"collection":[{"href":"https:\/\/ingeocontrol.cl\/index.php?rest_route=\/wp\/v2\/pages"}],"about":[{"href":"https:\/\/ingeocontrol.cl\/index.php?rest_route=\/wp\/v2\/types\/page"}],"author":[{"embeddable":true,"href":"https:\/\/ingeocontrol.cl\/index.php?rest_route=\/wp\/v2\/users\/1"}],"replies":[{"embeddable":true,"href":"https:\/\/ingeocontrol.cl\/index.php?rest_route=%2Fwp%2Fv2%2Fcomments&post=4342"}],"version-history":[{"count":12,"href":"https:\/\/ingeocontrol.cl\/index.php?rest_route=\/wp\/v2\/pages\/4342\/revisions"}],"predecessor-version":[{"id":4446,"href":"https:\/\/ingeocontrol.cl\/index.php?rest_route=\/wp\/v2\/pages\/4342\/revisions\/4446"}],"up":[{"embeddable":true,"href":"https:\/\/ingeocontrol.cl\/index.php?rest_route=\/wp\/v2\/pages\/3881"}],"wp:attachment":[{"href":"https:\/\/ingeocontrol.cl\/index.php?rest_route=%2Fwp%2Fv2%2Fmedia&parent=4342"}],"curies":[{"name":"wp","href":"https:\/\/api.w.org\/{rel}","templated":true}]}}