{"id":3881,"date":"2025-05-19T05:40:17","date_gmt":"2025-05-19T08:40:17","guid":{"rendered":"https:\/\/ingeocontrol.cl\/?page_id=3881"},"modified":"2026-01-26T00:59:36","modified_gmt":"2026-01-26T03:59:36","slug":"servicios","status":"publish","type":"page","link":"https:\/\/ingeocontrol.cl\/?page_id=3881","title":{"rendered":"Servicios"},"content":{"rendered":"<div id='av_section_1'  class='avia-section av-11gyjg9-c5d18b30fec19e4783ee2893e371d80f main_color avia-section-default avia-no-border-styling  avia-builder-el-0  el_before_av_two_third  avia-builder-el-first  avia-bg-style-scroll container_wrap sidebar_right'  ><div class='container av-section-cont-open' ><main  role=\"main\" itemprop=\"mainContentOfPage\"  class='template-page content  av-content-small alpha units'><div class='post-entry post-entry-type-page post-entry-3881'><div class='entry-content-wrapper clearfix'>\n<div  class='flex_column av-zrggnt-5fe89f443b2df49489b2f43b86612248 av_one_full  avia-builder-el-1  el_before_av_one_full  avia-builder-el-first  first flex_column_div  '     ><style type=\"text\/css\" data-created_by=\"avia_inline_auto\" id=\"style-css-av-mauuhssr-f8a87896456a2b39e86a4d2f4e7d8092\">\n.iconbox.av-mauuhssr-f8a87896456a2b39e86a4d2f4e7d8092 .iconbox_icon{\nbackground-color:#ffffff;\nborder:1px solid #dc2c1c;\ncolor:#dc2c1c;\n}\n.iconbox.av-mauuhssr-f8a87896456a2b39e86a4d2f4e7d8092 .iconbox_icon.avia-svg-icon svg:first-child{\nfill:#dc2c1c;\nstroke:#dc2c1c;\n}\n#top #wrap_all .iconbox.av-mauuhssr-f8a87896456a2b39e86a4d2f4e7d8092 .iconbox_content_title{\nfont-size:30px;\n}\n<\/style>\n<article  class='iconbox iconbox_top av-mauuhssr-f8a87896456a2b39e86a4d2f4e7d8092 av-no-box  avia-builder-el-2  avia-builder-el-no-sibling '  itemscope=\"itemscope\" itemtype=\"https:\/\/schema.org\/CreativeWork\" ><div class=\"iconbox_content\"><header class=\"entry-content-header\" aria-label=\"Icon: SERVICIOS\"><div class='iconbox_icon heading-color avia-iconfont avia-font-entypo-fontello' data-av_icon='\ue8d1' data-av_iconfont='entypo-fontello'  ><\/div><h3 class='iconbox_content_title '  itemprop=\"headline\" >SERVICIOS<\/h3><\/header><div class='iconbox_content_container '  itemprop=\"text\" ><\/div><\/div><footer class=\"entry-footer\"><\/footer><\/article><\/div><div  class='flex_column av-4eoqux-a0748edefc04b1daf6027c6232fa06f1 av_one_full  avia-builder-el-3  el_after_av_one_full  avia-builder-el-last  first flex_column_div  column-top-margin'     ><style type=\"text\/css\" data-created_by=\"avia_inline_auto\" id=\"style-css-av-mj93yw34-ea271d0b8c36075dfd469189d426106f\">\n#top .av_textblock_section.av-mj93yw34-ea271d0b8c36075dfd469189d426106f .avia_textblock{\nfont-size:16px;\n}\n<\/style>\n<section  class='av_textblock_section av-mj93yw34-ea271d0b8c36075dfd469189d426106f '   itemscope=\"itemscope\" itemtype=\"https:\/\/schema.org\/CreativeWork\" ><div class='avia_textblock'  itemprop=\"text\" ><p>Ingenier\u00eda Geocontrol provee servicios de consultor\u00eda y asesor\u00eda t\u00e9cnica para proyectos de infraestructura, miner\u00eda y obras civiles a lo largo del pa\u00eds. Participamos activamente en la definici\u00f3n de alcances y en la ejecuci\u00f3n de campa\u00f1as de prospecciones en terreno, integrando la mec\u00e1nica de suelos a trav\u00e9s de ensayos in-situ y de laboratorio, prospecciones geof\u00edsicas y geolog\u00eda aplicada, con el objetivo de entregar par\u00e1metros t\u00e9cnicos trazables y alineados al cumplimiento normativo para sustentar el dise\u00f1o y la toma de decisiones de ingenier\u00eda.<\/p>\n<p>Desarrollamos y ejecutamos campa\u00f1as de prospecci\u00f3n en terreno ajustadas a los objetivos t\u00e9cnicos de cada proyecto, combinando prospecciones directas \u2014como calicatas, sondajes y ensayos in situ\u2014 con m\u00e9todos indirectos de investigaci\u00f3n, incluyendo estudios geof\u00edsicos s\u00edsmicos y geoel\u00e9ctricos, complementados con servicios de geolog\u00eda aplicada. Esta aproximaci\u00f3n permite una comprensi\u00f3n integral del subsuelo, que sirve como base para el an\u00e1lisis, dise\u00f1o y desarrollo de soluciones de ingenier\u00eda, y que sustenta decisiones mejor informadas desde etapas tempranas del proyecto.<\/p>\n<p>Nuestras campa\u00f1as de prospecciones se complementan con ensayos de laboratorio de suelos y rocas, convencionales y especiales, definidos en funci\u00f3n de las condiciones del sitio y de los requerimientos del dise\u00f1o. Los resultados obtenidos se analizan e interpretan de manera trazable, entregando par\u00e1metros geot\u00e9cnicos y geof\u00edsicos consistentes, representativos y alineados con la normativa y est\u00e1ndares t\u00e9cnicos aplicables.<\/p>\n<p data-pm-slice=\"1 1 &#091;&#093;\">Adicionalmente, Ingenier\u00eda Geocontrol brinda servicios de ingenier\u00eda geot\u00e9cnica,\u00a0apoyando a la ingenier\u00eda conceptual y de detalle, a trav\u00e9s de la revisi\u00f3n de antecedentes t\u00e9cnicos y la supervisi\u00f3n especializada de campa\u00f1as, asegurando el cumplimiento de criterios de seguridad, calidad y control. Nuestro enfoque combina experiencia en terreno y rigor t\u00e9cnico, ejecutando cada etapa del servicio bajo principios de seguridad, orden y adecuada gesti\u00f3n log\u00edstica, con una orientaci\u00f3n pr\u00e1ctica hacia resultados confiables en proyectos de diversa escala y complejidad.<\/p>\n<\/div><\/section><\/div><\/div><\/div><\/main><!-- close content main element --><\/div><\/div><div id='after_section_1'  class='main_color av_default_container_wrap container_wrap sidebar_right'  ><div class='container av-section-cont-open' ><div class='template-page content  av-content-small alpha units'><div class='post-entry post-entry-type-page post-entry-3881'><div class='entry-content-wrapper clearfix'><div  class='flex_column av-3m80fd-3cd44017d2e6b9fca2640d6901792ff5 av_two_third  avia-builder-el-5  el_after_av_section  el_before_av_one_third  avia-builder-el-first  first flex_column_div  '     ><\/div><\/p>\n<div  class='flex_column av-1v9f7d-11ef109756ace2eab7e0d83b26af90ec av_one_third  avia-builder-el-6  el_after_av_two_third  el_before_av_section  avia-builder-el-last  flex_column_div  '     ><\/div>\n<\/div><\/div><\/div><!-- close content main div --><\/div><\/div>\n<style type=\"text\/css\" data-created_by=\"avia_inline_auto\" id=\"style-css-av-nybgq1-69bb6aa76ab272ad45e324b3656b29ec\">\n.avia-section.av-nybgq1-69bb6aa76ab272ad45e324b3656b29ec{\nbackground-color:#333333;\nbackground-image:unset;\n}\n<\/style>\n<div id='av_section_2'  class='avia-section av-nybgq1-69bb6aa76ab272ad45e324b3656b29ec socket_color avia-section-small avia-no-border-styling  avia-builder-el-7  el_after_av_one_third  avia-builder-el-last  avia-bg-style-scroll container_wrap sidebar_right'  ><div class='container av-section-cont-open' ><div class='template-page content  av-content-small alpha units'><div class='post-entry post-entry-type-page post-entry-3881'><div class='entry-content-wrapper clearfix'><\/div><\/div><\/div><!-- close content main div --><\/div><\/div><div id='after_section_2'  class='main_color av_default_container_wrap container_wrap sidebar_right'  ><div class='container av-section-cont-open' ><div class='template-page content  av-content-small alpha units'><div class='post-entry post-entry-type-page post-entry-3881'><div class='entry-content-wrapper clearfix'>\n","protected":false},"excerpt":{"rendered":"","protected":false},"author":2,"featured_media":0,"parent":3413,"menu_order":0,"comment_status":"open","ping_status":"closed","template":"","meta":{"footnotes":""},"class_list":["post-3881","page","type-page","status-publish","hentry"],"_links":{"self":[{"href":"https:\/\/ingeocontrol.cl\/index.php?rest_route=\/wp\/v2\/pages\/3881","targetHints":{"allow":["GET"]}}],"collection":[{"href":"https:\/\/ingeocontrol.cl\/index.php?rest_route=\/wp\/v2\/pages"}],"about":[{"href":"https:\/\/ingeocontrol.cl\/index.php?rest_route=\/wp\/v2\/types\/page"}],"author":[{"embeddable":true,"href":"https:\/\/ingeocontrol.cl\/index.php?rest_route=\/wp\/v2\/users\/2"}],"replies":[{"embeddable":true,"href":"https:\/\/ingeocontrol.cl\/index.php?rest_route=%2Fwp%2Fv2%2Fcomments&post=3881"}],"version-history":[{"count":61,"href":"https:\/\/ingeocontrol.cl\/index.php?rest_route=\/wp\/v2\/pages\/3881\/revisions"}],"predecessor-version":[{"id":4732,"href":"https:\/\/ingeocontrol.cl\/index.php?rest_route=\/wp\/v2\/pages\/3881\/revisions\/4732"}],"up":[{"embeddable":true,"href":"https:\/\/ingeocontrol.cl\/index.php?rest_route=\/wp\/v2\/pages\/3413"}],"wp:attachment":[{"href":"https:\/\/ingeocontrol.cl\/index.php?rest_route=%2Fwp%2Fv2%2Fmedia&parent=3881"}],"curies":[{"name":"wp","href":"https:\/\/api.w.org\/{rel}","templated":true}]}}