{"id":3750,"date":"2025-05-19T02:41:45","date_gmt":"2025-05-19T05:41:45","guid":{"rendered":"https:\/\/ingeocontrol.cl\/?page_id=3750"},"modified":"2025-12-17T13:55:08","modified_gmt":"2025-12-17T16:55:08","slug":"prospecciones-directas-indirectas-2","status":"publish","type":"page","link":"https:\/\/ingeocontrol.cl\/?page_id=3750","title":{"rendered":"Prospecciones Directas e Indirectas"},"content":{"rendered":"\n<style type=\"text\/css\" data-created_by=\"avia_inline_auto\" id=\"style-css-av-a6b0ty-d4361c7f67243cd25c09be542f0291dd\">\n.avia-section.av-a6b0ty-d4361c7f67243cd25c09be542f0291dd{\nbackground-repeat:no-repeat;\nbackground-image:url(https:\/\/ingeocontrol.cl\/wp-content\/uploads\/2025\/05\/Mineria_2-1500x1500.webp);\nbackground-position:0% 0%;\nbackground-attachment:scroll;\n}\n.avia-section.av-a6b0ty-d4361c7f67243cd25c09be542f0291dd .av-section-color-overlay{\nopacity:0.5;\nbackground-color:#000000;\n}\n<\/style>\n<div id='av_section_1'  class='avia-section av-a6b0ty-d4361c7f67243cd25c09be542f0291dd main_color avia-section-default avia-no-border-styling  avia-builder-el-0  el_before_av_section  avia-builder-el-first  avia-full-stretch avia-bg-style-scroll av-section-color-overlay-active av-minimum-height av-minimum-height-50 av-height-50  container_wrap sidebar_right'  data-section-bg-repeat='stretch' data-av_minimum_height_pc='50' data-av_min_height_opt='50'><div class=\"av-section-color-overlay-wrap\"><div class=\"av-section-color-overlay\"><\/div><div class='container av-section-cont-open' ><main  role=\"main\" itemprop=\"mainContentOfPage\"  class='template-page content  av-content-small alpha units'><div class='post-entry post-entry-type-page post-entry-3750'><div class='entry-content-wrapper clearfix'>\n\n<style type=\"text\/css\" data-created_by=\"avia_inline_auto\" id=\"style-css-av-mizy6itc-8f8dfd58300173bd6e2ca5026a5c13be\">\n#top .av-special-heading.av-mizy6itc-8f8dfd58300173bd6e2ca5026a5c13be{\nmargin:50px 0 50px 0;\npadding-bottom:10px;\ncolor:#ffffff;\n}\nbody .av-special-heading.av-mizy6itc-8f8dfd58300173bd6e2ca5026a5c13be .av-special-heading-tag .heading-char{\nfont-size:25px;\n}\n.av-special-heading.av-mizy6itc-8f8dfd58300173bd6e2ca5026a5c13be .special-heading-inner-border{\nborder-color:#ffffff;\n}\n.av-special-heading.av-mizy6itc-8f8dfd58300173bd6e2ca5026a5c13be .av-subheading{\nfont-size:15px;\n}\n<\/style>\n<div  class='av-special-heading av-mizy6itc-8f8dfd58300173bd6e2ca5026a5c13be av-special-heading-h1 custom-color-heading blockquote elegant-quote elegant-centered  avia-builder-el-1  avia-builder-el-no-sibling '><h1 class='av-special-heading-tag '  itemprop=\"headline\"  ><span class=\"heading-wrap\">Prospecciones Directas e Indirectas<\/span><\/h1><div class=\"special-heading-border\"><div class=\"special-heading-inner-border\"><\/div><\/div><\/div>\n<\/div><\/div><\/main><!-- close content main element --><\/div><\/div><\/div>\n<style type=\"text\/css\" data-created_by=\"avia_inline_auto\" id=\"style-css-av-mauosm8j-22ac600f939931e33e2767bb7da2a2e3\">\n.avia-section.av-mauosm8j-22ac600f939931e33e2767bb7da2a2e3{\nbackground-color:#dc2c1c;\nbackground-image:unset;\n}\n<\/style>\n<div id='av_section_2'  class='avia-section av-mauosm8j-22ac600f939931e33e2767bb7da2a2e3 main_color avia-section-small avia-no-border-styling  avia-builder-el-2  el_after_av_section  el_before_av_section  avia-bg-style-scroll container_wrap sidebar_right'  ><div class='container av-section-cont-open' ><div class='template-page content  av-content-small alpha units'><div class='post-entry post-entry-type-page post-entry-3750'><div class='entry-content-wrapper clearfix'><\/p>\n<\/div><\/div><\/div><!-- close content main div --><\/div><\/div><div id='av_section_3'  class='avia-section av-av_section-b65c2d8534dc312e7563401b6cc6625f main_color avia-section-default avia-no-border-styling  avia-builder-el-3  el_after_av_section  el_before_av_heading  avia-bg-style-scroll container_wrap sidebar_right'  ><div class='container av-section-cont-open' ><div class='template-page content  av-content-small alpha units'><div class='post-entry post-entry-type-page post-entry-3750'><div class='entry-content-wrapper clearfix'>\n\n<style type=\"text\/css\" data-created_by=\"avia_inline_auto\" id=\"style-css-av-mizyuhqu-f07bab6241affdab95706f9f6d3c3185\">\n#top .av_textblock_section.av-mizyuhqu-f07bab6241affdab95706f9f6d3c3185 .avia_textblock{\nfont-size:16px;\n}\n<\/style>\n<section  class='av_textblock_section av-mizyuhqu-f07bab6241affdab95706f9f6d3c3185 '   itemscope=\"itemscope\" itemtype=\"https:\/\/schema.org\/CreativeWork\" ><div class='avia_textblock'  itemprop=\"text\" ><p style=\"text-align: justify;\">Las prospecciones geot\u00e9cnicas se refieren a los m\u00e9todos y t\u00e9cnicas utilizados para obtener informaci\u00f3n sobre las caracter\u00edsticas del suelo y las rocas subyacentes en un determinado lugar. Estas prospecciones se clasifican en dos categor\u00edas principales: Prospecciones geot\u00e9cnicas directas, <span class=\"wixui-rich-text__text\">que implican la obtenci\u00f3n de muestras de suelo o roca directamente del lugar de inter\u00e9s, para obtener informaci\u00f3n precisa y detallada sobre las propiedades f\u00edsicas y mec\u00e1nicas del material subyacente. Las prospecciones geot\u00e9cnicas indirectas, se basan en la utilizaci\u00f3n de instrumentos o equipos especiales para medir par\u00e1metros geot\u00e9cnicos sin extraer muestras del suelo o la roca, lo cual proporciona una estimaci\u00f3n aproximada de las propiedades de los suelos de fundaci\u00f3n.<\/span><\/p>\n<\/div><\/section>\n<\/div><\/div><\/div><!-- close content main div --><\/div><\/div><div id='after_section_3'  class='main_color av_default_container_wrap container_wrap sidebar_right'  ><div class='container av-section-cont-open' ><div class='template-page content  av-content-small alpha units'><div class='post-entry post-entry-type-page post-entry-3750'><div class='entry-content-wrapper clearfix'>\n<style type=\"text\/css\" data-created_by=\"avia_inline_auto\" id=\"style-css-av-mauovl07-61cf33b5c7680d8d3eb0137f5a8e1fde\">\n#top .av-special-heading.av-mauovl07-61cf33b5c7680d8d3eb0137f5a8e1fde{\nmargin:20px 0 20px 0;\npadding-bottom:10px;\ncolor:#dc2c1c;\n}\nbody .av-special-heading.av-mauovl07-61cf33b5c7680d8d3eb0137f5a8e1fde .av-special-heading-tag .heading-char{\nfont-size:25px;\n}\n.av-special-heading.av-mauovl07-61cf33b5c7680d8d3eb0137f5a8e1fde .special-heading-inner-border{\nborder-color:#dc2c1c;\n}\n.av-special-heading.av-mauovl07-61cf33b5c7680d8d3eb0137f5a8e1fde .av-subheading{\nfont-size:15px;\n}\n<\/style>\n<div  class='av-special-heading av-mauovl07-61cf33b5c7680d8d3eb0137f5a8e1fde av-special-heading-h1 custom-color-heading blockquote elegant-quote elegant-centered  avia-builder-el-5  el_after_av_section  el_before_av_section  avia-builder-el-no-sibling '><h1 class='av-special-heading-tag '  itemprop=\"headline\"  ><span class=\"heading-wrap\">Prospecciones Directas<\/span><\/h1><div class=\"special-heading-border\"><div class=\"special-heading-inner-border\"><\/div><\/div><\/div><\/p>\n<\/div><\/div><\/div><!-- close content main div --><\/div><\/div><div id='av_section_4'  class='avia-section av-miz5ax7p-96ff9c42c8253e47a0c3cfb9b1657e0c main_color avia-section-default avia-no-border-styling  avia-builder-el-6  el_after_av_heading  el_before_av_section  avia-bg-style-scroll av-minimum-height av-minimum-height-75 av-height-75  container_wrap sidebar_right'   data-av_minimum_height_pc='75' data-av_min_height_opt='75'><div class='container av-section-cont-open' ><div class='template-page content  av-content-small alpha units'><div class='post-entry post-entry-type-page post-entry-3750'><div class='entry-content-wrapper clearfix'>\n<div  class='flex_column av-ij38m-a5362797ef6f21ab9ff281818ceded73 av_one_third  avia-builder-el-7  el_before_av_one_third  avia-builder-el-first  first flex_column_div  '     ><\/div><div  class='flex_column av-4b3pp2-05e3484c912535074e20ac62192b6566 av_one_third  avia-builder-el-9  el_after_av_one_third  el_before_av_one_third  flex_column_div  '     ><\/div><div  class='flex_column av-39jwkm-018d818fc7f1f46bf6ac71447daa66ed av_one_third  avia-builder-el-11  el_after_av_one_third  avia-builder-el-last  flex_column_div  '     ><\/div>\n\n<\/div><\/div><\/div><!-- close content main div --><\/div><\/div>\n<style type=\"text\/css\" data-created_by=\"avia_inline_auto\" id=\"style-css-av-93kk7q-437e065aa63160d0536d2293ae7f35bf\">\n.avia-section.av-93kk7q-437e065aa63160d0536d2293ae7f35bf{\nbackground-color:#dc2c1c;\nbackground-image:unset;\n}\n<\/style>\n<div id='av_section_5'  class='avia-section av-93kk7q-437e065aa63160d0536d2293ae7f35bf main_color avia-section-small avia-no-border-styling  avia-builder-el-13  el_after_av_section  el_before_av_heading  avia-bg-style-scroll container_wrap sidebar_right'  ><div class='container av-section-cont-open' ><div class='template-page content  av-content-small alpha units'><div class='post-entry post-entry-type-page post-entry-3750'><div class='entry-content-wrapper clearfix'><\/div><\/div><\/div><!-- close content main div --><\/div><\/div><div id='after_section_5'  class='main_color av_default_container_wrap container_wrap sidebar_right'  ><div class='container av-section-cont-open' ><div class='template-page content  av-content-small alpha units'><div class='post-entry post-entry-type-page post-entry-3750'><div class='entry-content-wrapper clearfix'>\n\n<style type=\"text\/css\" data-created_by=\"avia_inline_auto\" id=\"style-css-av-maupqw6l-fb8b34943e50beecf2b6b43ab4a29d5d\">\n#top .av-special-heading.av-maupqw6l-fb8b34943e50beecf2b6b43ab4a29d5d{\nmargin:20px 0 20px 0;\npadding-bottom:10px;\ncolor:#dc2c1c;\n}\nbody .av-special-heading.av-maupqw6l-fb8b34943e50beecf2b6b43ab4a29d5d .av-special-heading-tag .heading-char{\nfont-size:25px;\n}\n.av-special-heading.av-maupqw6l-fb8b34943e50beecf2b6b43ab4a29d5d .special-heading-inner-border{\nborder-color:#dc2c1c;\n}\n.av-special-heading.av-maupqw6l-fb8b34943e50beecf2b6b43ab4a29d5d .av-subheading{\nfont-size:15px;\n}\n<\/style>\n<div  class='av-special-heading av-maupqw6l-fb8b34943e50beecf2b6b43ab4a29d5d av-special-heading-h1 custom-color-heading blockquote elegant-quote elegant-centered  avia-builder-el-14  el_after_av_section  el_before_av_section  avia-builder-el-no-sibling '><h1 class='av-special-heading-tag '  itemprop=\"headline\"  ><span class=\"heading-wrap\">Prospecciones Indirectas<\/span><\/h1><div class=\"special-heading-border\"><div class=\"special-heading-inner-border\"><\/div><\/div><\/div>\n<\/div><\/div><\/div><!-- close content main div --><\/div><\/div><div id='av_section_6'  class='avia-section av-og1r0m-7281ecbb4fefcd3f1d738083f83cbff2 main_color avia-section-default avia-no-border-styling  avia-builder-el-15  el_after_av_heading  el_before_av_section  avia-bg-style-scroll av-minimum-height av-minimum-height-75 av-height-75  container_wrap sidebar_right'   data-av_minimum_height_pc='75' data-av_min_height_opt='75'><div class='container av-section-cont-open' ><div class='template-page content  av-content-small alpha units'><div class='post-entry post-entry-type-page post-entry-3750'><div class='entry-content-wrapper clearfix'>\n<div  class='flex_column av-lsrysm-dfb73a54fe4b3c093adc5bd882f86d02 av_one_third  avia-builder-el-16  el_before_av_one_third  avia-builder-el-first  first flex_column_div  '     ><\/div><div  class='flex_column av-1x67ye-b559d9d65483cc60ac98f41849a25784 av_one_third  avia-builder-el-18  el_after_av_one_third  el_before_av_one_third  flex_column_div  '     ><\/div><div  class='flex_column av-fryyuu-445c127fd67889dbe9f19480f8cd29d0 av_one_third  avia-builder-el-20  el_after_av_one_third  avia-builder-el-last  flex_column_div  '     ><\/div>\n\n<\/div><\/div><\/div><!-- close content main div --><\/div><\/div><div id='av_section_7'  class='avia-section av-c37aye-ea6c9cea8d1e11301246ed7be1d1de42 main_color avia-section-default avia-no-border-styling  avia-builder-el-22  el_after_av_section  el_before_av_section  avia-bg-style-scroll av-minimum-height av-minimum-height-75 av-height-75  container_wrap sidebar_right'   data-av_minimum_height_pc='75' data-av_min_height_opt='75'><div class='container av-section-cont-open' ><div class='template-page content  av-content-small alpha units'><div class='post-entry post-entry-type-page post-entry-3750'><div class='entry-content-wrapper clearfix'>\n<div  class='flex_column av-b4d8cm-28a63fe5c3db02b53fae6cb7d5d240ba av_one_third  avia-builder-el-23  el_before_av_one_third  avia-builder-el-first  first flex_column_div  '     ><\/div><div  class='flex_column av-7j1vra-55179ffa15d6e5c250c15844c65babc9 av_one_third  avia-builder-el-25  el_after_av_one_third  el_before_av_one_third  flex_column_div  '     ><\/div><div  class='flex_column av-4iauee-68f059c085d1b5b8dd7d7a0c06393a16 av_one_third  avia-builder-el-27  el_after_av_one_third  avia-builder-el-last  flex_column_div  '     ><\/div>\n\n<\/div><\/div><\/div><!-- close content main div --><\/div><\/div>\n<style type=\"text\/css\" data-created_by=\"avia_inline_auto\" id=\"style-css-av-maupbsrg-5283b9700febdd7fa7eb2a80dac8ff73\">\n.avia-section.av-maupbsrg-5283b9700febdd7fa7eb2a80dac8ff73{\nbackground-color:#555555;\nbackground-image:unset;\n}\n<\/style>\n<div id='av_section_8'  class='avia-section av-maupbsrg-5283b9700febdd7fa7eb2a80dac8ff73 main_color avia-section-small avia-no-border-styling  avia-builder-el-29  el_after_av_section  avia-builder-el-last  avia-bg-style-scroll container_wrap sidebar_right'  ><div class='container av-section-cont-open' ><div class='template-page content  av-content-small alpha units'><div class='post-entry post-entry-type-page post-entry-3750'><div class='entry-content-wrapper clearfix'><\/div><\/div><\/div><!-- close content main div --><\/div><\/div><div id='after_section_8'  class='main_color av_default_container_wrap container_wrap sidebar_right'  ><div class='container av-section-cont-open' ><div class='template-page content  av-content-small alpha units'><div class='post-entry post-entry-type-page post-entry-3750'><div class='entry-content-wrapper clearfix'>\n","protected":false},"excerpt":{"rendered":"<p>This is a Page excerpt. It will be displayed for search results<\/p>\n","protected":false},"author":2,"featured_media":0,"parent":3881,"menu_order":0,"comment_status":"open","ping_status":"closed","template":"","meta":{"footnotes":""},"class_list":["post-3750","page","type-page","status-publish","hentry"],"_links":{"self":[{"href":"https:\/\/ingeocontrol.cl\/index.php?rest_route=\/wp\/v2\/pages\/3750","targetHints":{"allow":["GET"]}}],"collection":[{"href":"https:\/\/ingeocontrol.cl\/index.php?rest_route=\/wp\/v2\/pages"}],"about":[{"href":"https:\/\/ingeocontrol.cl\/index.php?rest_route=\/wp\/v2\/types\/page"}],"author":[{"embeddable":true,"href":"https:\/\/ingeocontrol.cl\/index.php?rest_route=\/wp\/v2\/users\/2"}],"replies":[{"embeddable":true,"href":"https:\/\/ingeocontrol.cl\/index.php?rest_route=%2Fwp%2Fv2%2Fcomments&post=3750"}],"version-history":[{"count":96,"href":"https:\/\/ingeocontrol.cl\/index.php?rest_route=\/wp\/v2\/pages\/3750\/revisions"}],"predecessor-version":[{"id":4613,"href":"https:\/\/ingeocontrol.cl\/index.php?rest_route=\/wp\/v2\/pages\/3750\/revisions\/4613"}],"up":[{"embeddable":true,"href":"https:\/\/ingeocontrol.cl\/index.php?rest_route=\/wp\/v2\/pages\/3881"}],"wp:attachment":[{"href":"https:\/\/ingeocontrol.cl\/index.php?rest_route=%2Fwp%2Fv2%2Fmedia&parent=3750"}],"curies":[{"name":"wp","href":"https:\/\/api.w.org\/{rel}","templated":true}]}}