{"id":3741,"date":"2025-05-19T02:01:12","date_gmt":"2025-05-19T05:01:12","guid":{"rendered":"https:\/\/ingeocontrol.cl\/?page_id=3741"},"modified":"2026-01-29T11:53:18","modified_gmt":"2026-01-29T14:53:18","slug":"campanas-de-prospecciones","status":"publish","type":"page","link":"https:\/\/ingeocontrol.cl\/?page_id=3741","title":{"rendered":"Campa\u00f1as de Prospecciones"},"content":{"rendered":"\n<style type=\"text\/css\" data-created_by=\"avia_inline_auto\" id=\"style-css-av-mizzu0ky-19ebbd08066ef01d69701746a1ae7795\">\n.avia-section.av-mizzu0ky-19ebbd08066ef01d69701746a1ae7795{\nbackground-repeat:no-repeat;\nbackground-image:url(https:\/\/ingeocontrol.cl\/wp-content\/uploads\/2025\/05\/Mineria_4-1500x1000.webp);\nbackground-position:50% 50%;\nbackground-attachment:scroll;\n}\n.avia-section.av-mizzu0ky-19ebbd08066ef01d69701746a1ae7795 .av-section-color-overlay{\nopacity:0.5;\nbackground-color:#000000;\n}\n<\/style>\n<div id='av_section_1'  class='avia-section av-mizzu0ky-19ebbd08066ef01d69701746a1ae7795 main_color avia-section-default avia-no-border-styling  avia-builder-el-0  el_before_av_section  avia-builder-el-first  avia-full-stretch avia-bg-style-scroll av-section-color-overlay-active av-minimum-height av-minimum-height-25 av-height-25  container_wrap sidebar_right'  data-section-bg-repeat='stretch' data-av_minimum_height_pc='25' data-av_min_height_opt='25'><div class=\"av-section-color-overlay-wrap\"><div class=\"av-section-color-overlay\"><\/div><div class='container av-section-cont-open' ><main  role=\"main\" itemprop=\"mainContentOfPage\"  class='template-page content  av-content-small alpha units'><div class='post-entry post-entry-type-page post-entry-3741'><div class='entry-content-wrapper clearfix'>\n\n<style type=\"text\/css\" data-created_by=\"avia_inline_auto\" id=\"style-css-av-mauk5wqr-5a95f0ef96850111e07e8486f090ebaa\">\n#top .av-special-heading.av-mauk5wqr-5a95f0ef96850111e07e8486f090ebaa{\nmargin:50px 0 50px 0;\npadding-bottom:10px;\ncolor:#ffffff;\n}\nbody .av-special-heading.av-mauk5wqr-5a95f0ef96850111e07e8486f090ebaa .av-special-heading-tag .heading-char{\nfont-size:25px;\n}\n#top #wrap_all .av-special-heading.av-mauk5wqr-5a95f0ef96850111e07e8486f090ebaa .av-special-heading-tag{\npadding:0 0 40px 0;\n}\n.av-special-heading.av-mauk5wqr-5a95f0ef96850111e07e8486f090ebaa .special-heading-inner-border{\nborder-color:#ffffff;\n}\n.av-special-heading.av-mauk5wqr-5a95f0ef96850111e07e8486f090ebaa .av-subheading{\nfont-size:15px;\n}\nbody .av-special-heading.av-mauk5wqr-5a95f0ef96850111e07e8486f090ebaa .av-special-heading-tag .heading-wrap:before{\nborder-color:#ffffff;\n}\nbody .av-special-heading.av-mauk5wqr-5a95f0ef96850111e07e8486f090ebaa .av-special-heading-tag .heading-wrap:after{\nborder-color:#ffffff;\n}\n<\/style>\n<div  class='av-special-heading av-mauk5wqr-5a95f0ef96850111e07e8486f090ebaa av-special-heading-h1 custom-color-heading blockquote elegant-quote elegant-centered  avia-builder-el-1  avia-builder-el-no-sibling '><h1 class='av-special-heading-tag '  itemprop=\"headline\"  ><span class=\"heading-wrap\">Campa\u00f1as de Terreno<\/span><\/h1><div class=\"special-heading-border\"><div class=\"special-heading-inner-border\"><\/div><\/div><\/div>\n\n<\/div><\/div><\/main><!-- close content main element --><\/div><\/div><\/div>\n<style type=\"text\/css\" data-created_by=\"avia_inline_auto\" id=\"style-css-av-mizzx6on-77078c068e2086b972c1e1a436b153cc\">\n.avia-section.av-mizzx6on-77078c068e2086b972c1e1a436b153cc{\nbackground-color:#dc2c1c;\nbackground-image:unset;\n}\n<\/style>\n<div id='av_section_2'  class='avia-section av-mizzx6on-77078c068e2086b972c1e1a436b153cc main_color avia-section-small avia-no-border-styling  avia-builder-el-2  el_after_av_section  el_before_av_one_half  avia-bg-style-scroll container_wrap sidebar_right'  ><div class='container av-section-cont-open' ><div class='template-page content  av-content-small alpha units'><div class='post-entry post-entry-type-page post-entry-3741'><div class='entry-content-wrapper clearfix'><\/div><\/div><\/div><!-- close content main div --><\/div><\/div><div id='after_section_2'  class='main_color av_default_container_wrap container_wrap sidebar_right'  ><div class='container av-section-cont-open' ><div class='template-page content  av-content-small alpha units'><div class='post-entry post-entry-type-page post-entry-3741'><div class='entry-content-wrapper clearfix'>\n\n<style type=\"text\/css\" data-created_by=\"avia_inline_auto\" id=\"style-css-av-n5i8jz-a3757cd788dda5c8124e55d9cfec9fb1\">\n.flex_column.av-n5i8jz-a3757cd788dda5c8124e55d9cfec9fb1{\npadding:50px 0 0 0;\n}\n<\/style>\n<div  class='flex_column av-n5i8jz-a3757cd788dda5c8124e55d9cfec9fb1 av_one_half  avia-builder-el-3  el_after_av_section  el_before_av_one_half  avia-builder-el-first  first flex_column_div  '     ><style type=\"text\/css\" data-created_by=\"avia_inline_auto\" id=\"style-css-av-mky313za-ca93c8a247bc93b361b56ec31356ce45\">\n#top .togglecontainer.av-mky313za-ca93c8a247bc93b361b56ec31356ce45 p.toggler{\ncolor:#333333;\nborder-color:#dc2c1c;\n}\n#top .togglecontainer.av-mky313za-ca93c8a247bc93b361b56ec31356ce45 p.toggler:not(.activeTitle):hover{\nbackground-color:#e1e1e1;\n}\n#top .togglecontainer.av-mky313za-ca93c8a247bc93b361b56ec31356ce45 p.toggler .toggle_icon{\ncolor:#dc2c1c;\nborder-color:#dc2c1c;\n}\n#top .togglecontainer.av-mky313za-ca93c8a247bc93b361b56ec31356ce45 p.toggler .toggle_icon > span{\ncolor:#dc2c1c;\nborder-color:#dc2c1c;\n}\n#top .togglecontainer.av-mky313za-ca93c8a247bc93b361b56ec31356ce45 .toggle_wrap .toggle_content{\ncolor:#333333;\nborder-color:#dc2c1c;\n}\n<\/style>\n<div  class='togglecontainer av-mky313za-ca93c8a247bc93b361b56ec31356ce45 av-elegant-toggle  avia-builder-el-4  avia-builder-el-no-sibling  toggle_close_all' >\n<section class='av_toggle_section av-5xxc99-bad14c86af4aae6c9778608ebc70edca'  itemscope=\"itemscope\" itemtype=\"https:\/\/schema.org\/CreativeWork\" ><div role=\"tablist\" class=\"single_toggle\" data-tags=\"{All} \"  ><p id='toggle-toggle-id-1' data-fake-id='#toggle-id-1' class='toggler  av-title-above av-inherit-border-color'  itemprop=\"headline\"  role='tab' tabindex='0' aria-controls='toggle-id-1' data-slide-speed=\"200\" data-title=\"Prospecciones Geof\u00edsicas\" data-title-open=\"\" data-aria_collapsed=\"Click to expand: Prospecciones Geof\u00edsicas\" data-aria_expanded=\"Click to collapse: Prospecciones Geof\u00edsicas\">Prospecciones Geof\u00edsicas<span class=\"toggle_icon\"><span class=\"vert_icon\"><\/span><span class=\"hor_icon\"><\/span><\/span><\/p><div id='toggle-id-1' aria-labelledby='toggle-toggle-id-1' role='region' class='toggle_wrap  av-title-above'  ><div class='toggle_content invers-color av-inherit-border-color'  itemprop=\"text\" ><p style=\"text-align: justify;\">Ejecuci\u00f3n y an\u00e1lisis de prospecciones geof\u00edsicas orientadas a la caracterizaci\u00f3n del subsuelo mediante m\u00e9todos indirectos no invasivos, que permiten evaluar las propiedades f\u00edsicas y din\u00e1micas de los materiales en profundidad, complementando la informaci\u00f3n obtenida a partir de calicatas y sondajes.<\/p>\n<p style=\"text-align: justify;\">Los estudios incluyen la aplicaci\u00f3n de m\u00e9todos s\u00edsmicos tales como <strong>MASW<\/strong> (Multichannel Analysis of Surface Waves), <strong>Refracci\u00f3n S\u00edsmica<\/strong> y <strong>HVSR<\/strong> (Horizontal-to-Vertical Spectral Ratio \u2013 m\u00e9todo de <strong>Nakamura<\/strong>), orientados a la determinaci\u00f3n de perfiles bidimensionales de velocidad de ondas de corte (2D-Vs), estimaci\u00f3n de Vs30 y evaluaci\u00f3n del comportamiento s\u00edsmico local del terreno, en conformidad con los criterios establecidos en las normas chilenas <strong>NCh433<\/strong> y <strong>NCh2369<\/strong>.<\/p>\n<p style=\"text-align: justify;\">Adicionalmente, tambi\u00e9n contamos con servicios de prospecci\u00f3n geof\u00edsica con m\u00e9todos geoel\u00e9ctricos y electromagn\u00e9ticos, tales como <strong>Tomograf\u00eda de Resistividad El\u00e9ctrica (ERT)<\/strong>, <strong>resistividad el\u00e9ctrica convencional <\/strong>y\u00a0<strong>Transiente Electromagn\u00e9tico (TEM)<\/strong>, destinados a la identificaci\u00f3n de variaciones litol\u00f3gicas, niveles de saturaci\u00f3n y condiciones hidrogeol\u00f3gicas relevantes.<\/p>\n<p style=\"text-align: justify;\">La informaci\u00f3n obtenida a partir de las prospecciones geof\u00edsicas constituye una base t\u00e9cnica relevante para la elaboraci\u00f3n de modelos geol\u00f3gicos y geot\u00e9cnicos integrados, la evaluaci\u00f3n de condiciones de sitio, la zonificaci\u00f3n geot\u00e9cnica y s\u00edsmica, y el apoyo al dise\u00f1o y toma de decisiones en proyectos de edificaci\u00f3n, infraestructura, obras industriales y mineras.<\/p>\n<\/div><\/div><\/div><\/section>\n<section class='av_toggle_section av-4o4199-b0018c6ab1e84f7ed74d38dd57abf0a1'  itemscope=\"itemscope\" itemtype=\"https:\/\/schema.org\/CreativeWork\" ><div role=\"tablist\" class=\"single_toggle\" data-tags=\"{All} \"  ><p id='toggle-toggle-id-2' data-fake-id='#toggle-id-2' class='toggler  av-title-above av-inherit-border-color'  itemprop=\"headline\"  role='tab' tabindex='0' aria-controls='toggle-id-2' data-slide-speed=\"200\" data-title=\"Sondajes\" data-title-open=\"\" data-aria_collapsed=\"Click to expand: Sondajes\" data-aria_expanded=\"Click to collapse: Sondajes\">Sondajes<span class=\"toggle_icon\"><span class=\"vert_icon\"><\/span><span class=\"hor_icon\"><\/span><\/span><\/p><div id='toggle-id-2' aria-labelledby='toggle-toggle-id-2' role='region' class='toggle_wrap  av-title-above'  ><div class='toggle_content invers-color av-inherit-border-color'  itemprop=\"text\" ><p class=\"font_8 wixui-rich-text__text\" style=\"text-align: justify;\">Ejecuci\u00f3n, supervisi\u00f3n y control t\u00e9cnico de sondajes geot\u00e9cnicos y geol\u00f3gicos orientados a la investigaci\u00f3n profunda del subsuelo, mediante m\u00e9todos de perforaci\u00f3n adecuados al tipo de terreno y a los objetivos del proyecto, permitiendo la identificaci\u00f3n de la estratigraf\u00eda, litolog\u00eda, estructuras geol\u00f3gicas, grado de alteraci\u00f3n, presencia de niveles acu\u00edferos y condiciones hidrogeol\u00f3gicas relevantes.<\/p>\n<p class=\"font_8 wixui-rich-text__text\" style=\"text-align: justify;\">Los trabajos incluyen el <strong>registro geol\u00f3gico e hidrogeol\u00f3gico<\/strong> sistem\u00e1tico de testigos o detritos de perforaci\u00f3n, la recuperaci\u00f3n y manejo de muestras, la definici\u00f3n de profundidades objetivo y la coordinaci\u00f3n de ensayos in situ y de laboratorio asociados, tales como<strong> SPT (Standard Penetration Test)<\/strong>, toma de muestras inalteradas, <strong>pruebas hidr\u00e1ulicas (Lugeon y Lefranc)<\/strong>\u00a0o ensayos de resistencia, seg\u00fan corresponda.<\/p>\n<p class=\"font_8 wixui-rich-text__text\" style=\"text-align: justify;\">La informaci\u00f3n obtenida a partir de los sondajes constituye una base t\u00e9cnica relevante para la definici\u00f3n de modelos geol\u00f3gicos y geot\u00e9cnicos, la estimaci\u00f3n de par\u00e1metros de dise\u00f1o, la evaluaci\u00f3n de condiciones de fundaci\u00f3n y excavabilidad, y el an\u00e1lisis de estabilidad y comportamiento del terreno en proyectos de edificaci\u00f3n, infraestructura, obras industriales y mineras.<\/p>\n<\/div><\/div><\/div><\/section>\n<section class='av_toggle_section av-mky310zl-8d083e3392467d5ae9f1d9e9b0e784c1'  itemscope=\"itemscope\" itemtype=\"https:\/\/schema.org\/CreativeWork\" ><div role=\"tablist\" class=\"single_toggle\" data-tags=\"{All} \"  ><p id='toggle-toggle-id-3' data-fake-id='#toggle-id-3' class='toggler  av-title-above av-inherit-border-color'  itemprop=\"headline\"  role='tab' tabindex='0' aria-controls='toggle-id-3' data-slide-speed=\"200\" data-title=\"Calicatas\" data-title-open=\"\" data-aria_collapsed=\"Click to expand: Calicatas\" data-aria_expanded=\"Click to collapse: Calicatas\">Calicatas<span class=\"toggle_icon\"><span class=\"vert_icon\"><\/span><span class=\"hor_icon\"><\/span><\/span><\/p><div id='toggle-id-3' aria-labelledby='toggle-toggle-id-3' role='region' class='toggle_wrap  av-title-above'  ><div class='toggle_content invers-color av-inherit-border-color'  itemprop=\"text\" ><p style=\"text-align: justify;\"><strong>Excavaci\u00f3n manual y mecanizada de calicatas<\/strong> orientadas caracterizaci\u00f3n de suelos, a trav\u00e9s de <strong>ensayos in-situ<\/strong> y <strong>registros estratigr\u00e1ficos<\/strong> de horizontes, evaluaci\u00f3n de condiciones de compactaci\u00f3n, grado de alteraci\u00f3n, identificaci\u00f3n de rellenos antr\u00f3picos, nivel fre\u00e1tico y contactos litol\u00f3gicos relevantes.<\/p>\n<p style=\"text-align: justify;\">Este reconocimiento directo se complementa con el registro geol\u00f3gico y geot\u00e9cnico detallado de los materiales expuestos, la toma de muestras representativas para ensayos de laboratorio y la ejecuci\u00f3n de ensayos in situ, tales como densidad natural y pruebas de infiltraci\u00f3n, seg\u00fan los requerimientos del proyecto. La informaci\u00f3n obtenida a partir de calicatas constituye un insumo fundamental para la definici\u00f3n de par\u00e1metros geot\u00e9cnicos, la evaluaci\u00f3n de condiciones de fundaci\u00f3n, el an\u00e1lisis de estabilidad de excavaciones y taludes, y la validaci\u00f3n de modelos geol\u00f3gicos y geot\u00e9cnicos, especialmente en proyectos de edificaci\u00f3n, infraestructura menor, obras viales y estudios de ingenier\u00eda a escala local.<\/p>\n<\/div><\/div><\/div><\/section>\n<section class='av_toggle_section av-2ns2z1-2ac10adcc269ac3e2f08aa283ac9d762'  itemscope=\"itemscope\" itemtype=\"https:\/\/schema.org\/CreativeWork\" ><div role=\"tablist\" class=\"single_toggle\" data-tags=\"{All} \"  ><p id='toggle-toggle-id-4' data-fake-id='#toggle-id-4' class='toggler  av-title-above av-inherit-border-color'  itemprop=\"headline\"  role='tab' tabindex='0' aria-controls='toggle-id-4' data-slide-speed=\"200\" data-title=\"Geolog\u00eda Aplicada\" data-title-open=\"\" data-aria_collapsed=\"Click to expand: Geolog\u00eda Aplicada\" data-aria_expanded=\"Click to collapse: Geolog\u00eda Aplicada\">Geolog\u00eda Aplicada<span class=\"toggle_icon\"><span class=\"vert_icon\"><\/span><span class=\"hor_icon\"><\/span><\/span><\/p><div id='toggle-id-4' aria-labelledby='toggle-toggle-id-4' role='region' class='toggle_wrap  av-title-above'  ><div class='toggle_content invers-color av-inherit-border-color'  itemprop=\"text\" ><div style=\"text-align: justify;\"><strong>An\u00e1lisis de Estabilidad de Taludes y Laderas:<\/strong> Evaluaci\u00f3n geol\u00f3gica y geot\u00e9cnica de taludes naturales y artificiales para identificar mecanismos de inestabilidad, condiciones estructurales y factores de riesgo, orientada a la mitigaci\u00f3n y dise\u00f1o de soluciones compatibles con obras de peque\u00f1a y mediana escala.<\/p>\n<p><strong>Caracterizaci\u00f3n de Macizos Rocosos: <\/strong>An\u00e1lisis de la calidad y comportamiento del macizo rocoso mediante levantamientos geol\u00f3gicos, mapeo estructural y clasificaciones geomec\u00e1nicas, con el objetivo de apoyar el dise\u00f1o, la estabilidad y la constructibilidad de obras civiles.<\/p>\n<p><strong>Inspecci\u00f3n y Evaluaci\u00f3n de T\u00faneles y Obras Subterr\u00e1neas Menores: <\/strong>Inspecci\u00f3n geol\u00f3gica de t\u00faneles, galer\u00edas y obras subterr\u00e1neas de uso civil, enfocada en la identificaci\u00f3n de condiciones del terreno, discontinuidades, procesos de deterioro y potenciales riesgos para la operaci\u00f3n y seguridad.<\/p>\n<p><strong>Registro Geol\u00f3gico e Hidrogeol\u00f3gico de Sondajes: <\/strong>Descripci\u00f3n y registro sistem\u00e1tico de sondajes geot\u00e9cnicos y geol\u00f3gicos, incluyendo litolog\u00eda, estructuras, alteraci\u00f3n y condiciones hidrogeol\u00f3gicas, como base para la interpretaci\u00f3n del subsuelo y el desarrollo de estudios de ingenier\u00eda.<\/p>\n<p><strong>Estudios de L\u00ednea Base Geol\u00f3gica: <\/strong>Desarrollo de estudios de l\u00ednea base orientados a la caracterizaci\u00f3n del entorno geol\u00f3gico previo a la ejecuci\u00f3n de proyectos, que incluyen:<\/p>\n<p><strong>Identificaci\u00f3n y evaluaci\u00f3n de riesgos geol\u00f3gicos: <\/strong>Reconocimiento y an\u00e1lisis de amenazas geol\u00f3gicas potenciales, tales como remociones en masa, erosi\u00f3n, subsidencia o procesos asociados a la din\u00e1mica del terreno, con el fin de apoyar la planificaci\u00f3n y el dise\u00f1o seguro de proyectos.<\/p>\n<p><strong>An\u00e1lisis geomorfol\u00f3gico y de procesos superficiales<\/strong>: Caracterizaci\u00f3n de las formas del relieve y de los procesos geomorfol\u00f3gicos activos o potenciales, orientada a comprender la evoluci\u00f3n del terreno y su interacci\u00f3n con obras civiles y desarrollos urbanos.<\/p>\n<p><strong>Caracterizaci\u00f3n de la geolog\u00eda estructural: <\/strong>An\u00e1lisis de estructuras geol\u00f3gicas relevantes, tales como fallas, diaclasas y sistemas de discontinuidades, que puedan influir en el comportamiento del terreno y en la estabilidad de excavaciones y taludes.<\/p>\n<p><strong>Cartograf\u00eda geol\u00f3gica local a escala de proyecto: <\/strong>Elaboraci\u00f3n de cartograf\u00eda geol\u00f3gica detallada, ajustada a la escala del proyecto, integrando informaci\u00f3n de terreno, sondajes y antecedentes disponibles para apoyar estudios de ingenier\u00eda y toma de decisiones.<\/p>\n<\/div>\n<\/div><\/div><\/div><\/section>\n<\/div><\/div>\n\n<style type=\"text\/css\" data-created_by=\"avia_inline_auto\" id=\"style-css-av-w9zifj-4399bf16b0cd845e83c93e2f5d81c940\">\n.flex_column.av-w9zifj-4399bf16b0cd845e83c93e2f5d81c940{\npadding:20px 20px 20px 20px;\n}\n<\/style>\n<div  class='flex_column av-w9zifj-4399bf16b0cd845e83c93e2f5d81c940 av_one_half  avia-builder-el-5  el_after_av_one_half  el_before_av_section  avia-builder-el-last  flex_column_div  '     ><style type=\"text\/css\" data-created_by=\"avia_inline_auto\" id=\"style-css-av-mauk2a9a-73db9a8f08969fb74b6c649c9876645a\">\n#top .av_textblock_section.av-mauk2a9a-73db9a8f08969fb74b6c649c9876645a .avia_textblock{\nfont-size:18px;\n}\n<\/style>\n<section  class='av_textblock_section av-mauk2a9a-73db9a8f08969fb74b6c649c9876645a '   itemscope=\"itemscope\" itemtype=\"https:\/\/schema.org\/CreativeWork\" ><div class='avia_textblock'  itemprop=\"text\" ><p class=\"font_8 wixui-rich-text__text\" style=\"text-align: justify;\">Para Geocontrol, el dise\u00f1o y definici\u00f3n de una campa\u00f1a de prospecciones geot\u00e9cnicas implica la planificaci\u00f3n y ejecuci\u00f3n de actividades espec\u00edficas para obtener informaci\u00f3n geot\u00e9cnica relevante sobre un \u00e1rea determinada. Para realizar una adecuada caracterizaci\u00f3n.<\/p>\n<\/div><\/section><\/div><\/div><\/div><\/div><!-- close content main div --><\/div><\/div><div id='av_section_3'  class='avia-section av-7btgr1-7411c631cb7619d8e6e1859ec84e787d main_color avia-section-default avia-no-border-styling  avia-builder-el-7  el_after_av_one_half  el_before_av_section  avia-bg-style-scroll container_wrap sidebar_right'  ><div class='container av-section-cont-open' ><div class='template-page content  av-content-small alpha units'><div class='post-entry post-entry-type-page post-entry-3741'><div class='entry-content-wrapper clearfix'>\n<div  class='flex_column av-mkwok25t-532edec80c7d486494c1929296f17b3b av_one_fourth  avia-builder-el-8  el_before_av_one_fourth  avia-builder-el-first  first no_margin flex_column_div  '     ><\/div><div  class='flex_column av-6dpji5-1657fa9caf5ee8039c3b12a0ca3ef7f9 av_one_fourth  avia-builder-el-10  el_after_av_one_fourth  el_before_av_one_fourth  no_margin flex_column_div  '     ><\/div><div  class='flex_column av-4vqdst-68245d23f249c83f3bb02a517b17def9 av_one_fourth  avia-builder-el-12  el_after_av_one_fourth  el_before_av_one_fourth  no_margin flex_column_div  '     ><\/div><div  class='flex_column av-7yn8t-53930b55931ba9f0ba882a96d629282c av_one_fourth  avia-builder-el-14  el_after_av_one_fourth  avia-builder-el-last  no_margin flex_column_div  '     ><\/div>\n<\/p>\n<\/div><\/div><\/div><!-- close content main div --><\/div><\/div>\n<style type=\"text\/css\" data-created_by=\"avia_inline_auto\" id=\"style-css-av-mj007dn5-b456518c5e67ad6443d7e578f8e4fcb8\">\n.avia-section.av-mj007dn5-b456518c5e67ad6443d7e578f8e4fcb8{\nbackground-color:#555555;\nbackground-image:unset;\n}\n<\/style>\n<div id='av_section_4'  class='avia-section av-mj007dn5-b456518c5e67ad6443d7e578f8e4fcb8 main_color avia-section-small avia-no-border-styling  avia-builder-el-16  el_after_av_section  avia-builder-el-last  avia-bg-style-scroll container_wrap sidebar_right'  ><div class='container av-section-cont-open' ><div class='template-page content  av-content-small alpha units'><div class='post-entry post-entry-type-page post-entry-3741'><div class='entry-content-wrapper clearfix'><\/div><\/div><\/div><!-- close content main div --><\/div><\/div><div id='after_section_4'  class='main_color av_default_container_wrap container_wrap sidebar_right'  ><div class='container av-section-cont-open' ><div class='template-page content  av-content-small alpha units'><div class='post-entry post-entry-type-page post-entry-3741'><div class='entry-content-wrapper clearfix'>\n","protected":false},"excerpt":{"rendered":"<p>This is a Page excerpt. It will be displayed for search results<\/p>\n","protected":false},"author":2,"featured_media":0,"parent":0,"menu_order":0,"comment_status":"open","ping_status":"closed","template":"","meta":{"footnotes":""},"class_list":["post-3741","page","type-page","status-publish","hentry"],"_links":{"self":[{"href":"https:\/\/ingeocontrol.cl\/index.php?rest_route=\/wp\/v2\/pages\/3741","targetHints":{"allow":["GET"]}}],"collection":[{"href":"https:\/\/ingeocontrol.cl\/index.php?rest_route=\/wp\/v2\/pages"}],"about":[{"href":"https:\/\/ingeocontrol.cl\/index.php?rest_route=\/wp\/v2\/types\/page"}],"author":[{"embeddable":true,"href":"https:\/\/ingeocontrol.cl\/index.php?rest_route=\/wp\/v2\/users\/2"}],"replies":[{"embeddable":true,"href":"https:\/\/ingeocontrol.cl\/index.php?rest_route=%2Fwp%2Fv2%2Fcomments&post=3741"}],"version-history":[{"count":48,"href":"https:\/\/ingeocontrol.cl\/index.php?rest_route=\/wp\/v2\/pages\/3741\/revisions"}],"predecessor-version":[{"id":5056,"href":"https:\/\/ingeocontrol.cl\/index.php?rest_route=\/wp\/v2\/pages\/3741\/revisions\/5056"}],"wp:attachment":[{"href":"https:\/\/ingeocontrol.cl\/index.php?rest_route=%2Fwp%2Fv2%2Fmedia&parent=3741"}],"curies":[{"name":"wp","href":"https:\/\/api.w.org\/{rel}","templated":true}]}}